{"id":5318,"date":"2025-12-04T11:55:47","date_gmt":"2025-12-04T09:55:47","guid":{"rendered":"https:\/\/muzika.aluksne.lv\/?page_id=5318"},"modified":"2025-12-04T11:55:48","modified_gmt":"2025-12-04T09:55:48","slug":"izglitojamo-drosibas-noteikumi","status":"publish","type":"page","link":"https:\/\/muzika.aluksne.lv\/?page_id=5318","title":{"rendered":"Izgl\u012btojamo dro\u0161\u012bbas noteikumi"},"content":{"rendered":"\n<div data-wp-interactive=\"core\/file\" class=\"wp-block-file\"><object data-wp-bind--hidden=\"!state.hasPdfPreview\" hidden class=\"wp-block-file__embed\" data=\"https:\/\/muzika.aluksne.lv\/wp-content\/uploads\/2025\/12\/Aluksnes-Muzikas-skola-_Drosibas-noteikumi-1.pdf\" type=\"application\/pdf\" style=\"width:100%;height:600px\" aria-label=\"Iegult Al\u016bksnes M\u016bzikas skola _Dro\u0161\u012bbas noteikumi.\"><\/object><a id=\"wp-block-file--media-6844b032-4075-4b42-b851-488e3e39b0e6\" href=\"https:\/\/muzika.aluksne.lv\/wp-content\/uploads\/2025\/12\/Aluksnes-Muzikas-skola-_Drosibas-noteikumi-1.pdf\">Al\u016bksnes M\u016bzikas skola _Dro\u0161\u012bbas noteikumi<\/a><a href=\"https:\/\/muzika.aluksne.lv\/wp-content\/uploads\/2025\/12\/Aluksnes-Muzikas-skola-_Drosibas-noteikumi-1.pdf\" class=\"wp-block-file__button wp-element-button\" download aria-describedby=\"wp-block-file--media-6844b032-4075-4b42-b851-488e3e39b0e6\">Lejupiel\u0101d\u0113t<\/a><\/div>\n","protected":false},"excerpt":{"rendered":"","protected":false},"author":5,"featured_media":0,"parent":0,"menu_order":0,"comment_status":"closed","ping_status":"closed","template":"","meta":{"footnotes":""},"class_list":["post-5318","page","type-page","status-publish","hentry"],"_links":{"self":[{"href":"https:\/\/muzika.aluksne.lv\/index.php?rest_route=\/wp\/v2\/pages\/5318","targetHints":{"allow":["GET"]}}],"collection":[{"href":"https:\/\/muzika.aluksne.lv\/index.php?rest_route=\/wp\/v2\/pages"}],"about":[{"href":"https:\/\/muzika.aluksne.lv\/index.php?rest_route=\/wp\/v2\/types\/page"}],"author":[{"embeddable":true,"href":"https:\/\/muzika.aluksne.lv\/index.php?rest_route=\/wp\/v2\/users\/5"}],"replies":[{"embeddable":true,"href":"https:\/\/muzika.aluksne.lv\/index.php?rest_route=%2Fwp%2Fv2%2Fcomments&post=5318"}],"version-history":[{"count":1,"href":"https:\/\/muzika.aluksne.lv\/index.php?rest_route=\/wp\/v2\/pages\/5318\/revisions"}],"predecessor-version":[{"id":5321,"href":"https:\/\/muzika.aluksne.lv\/index.php?rest_route=\/wp\/v2\/pages\/5318\/revisions\/5321"}],"wp:attachment":[{"href":"https:\/\/muzika.aluksne.lv\/index.php?rest_route=%2Fwp%2Fv2%2Fmedia&parent=5318"}],"curies":[{"name":"wp","href":"https:\/\/api.w.org\/{rel}","templated":true}]}}