{"id":5307,"date":"2025-12-04T11:08:22","date_gmt":"2025-12-04T09:08:22","guid":{"rendered":"https:\/\/muzika.aluksne.lv\/?page_id=5307"},"modified":"2025-12-04T11:08:22","modified_gmt":"2025-12-04T09:08:22","slug":"pasnovertejuma-zinojums","status":"publish","type":"page","link":"https:\/\/muzika.aluksne.lv\/?page_id=5307","title":{"rendered":"Pa\u0161nov\u0113rt\u0113juma zi\u0146ojums"},"content":{"rendered":"\n<div data-wp-interactive=\"core\/file\" class=\"wp-block-file\"><object data-wp-bind--hidden=\"!state.hasPdfPreview\" hidden class=\"wp-block-file__embed\" data=\"https:\/\/muzika.aluksne.lv\/wp-content\/uploads\/2025\/12\/Aluksnes_Muzikas_skola_Pasnovertejuma_zinojums_2025.docx.pdf\" type=\"application\/pdf\" style=\"width:100%;height:600px\" aria-label=\"Iegult Al\u016bksnes_M\u016bzikas_skola_Pa\u0161nov\u0113rt\u0113juma_zi\u0146ojums_2025.docx.\"><\/object><a id=\"wp-block-file--media-40c07c8b-6dd6-42a3-8179-32f7cdec0ef0\" href=\"https:\/\/muzika.aluksne.lv\/wp-content\/uploads\/2025\/12\/Aluksnes_Muzikas_skola_Pasnovertejuma_zinojums_2025.docx.pdf\">Al\u016bksnes_M\u016bzikas_skola_Pa\u0161nov\u0113rt\u0113juma_zi\u0146ojums_2025.docx<\/a><a href=\"https:\/\/muzika.aluksne.lv\/wp-content\/uploads\/2025\/12\/Aluksnes_Muzikas_skola_Pasnovertejuma_zinojums_2025.docx.pdf\" class=\"wp-block-file__button wp-element-button\" download aria-describedby=\"wp-block-file--media-40c07c8b-6dd6-42a3-8179-32f7cdec0ef0\">Lejupiel\u0101d\u0113t<\/a><\/div>\n","protected":false},"excerpt":{"rendered":"","protected":false},"author":5,"featured_media":0,"parent":0,"menu_order":0,"comment_status":"closed","ping_status":"closed","template":"","meta":{"footnotes":""},"class_list":["post-5307","page","type-page","status-publish","hentry"],"_links":{"self":[{"href":"https:\/\/muzika.aluksne.lv\/index.php?rest_route=\/wp\/v2\/pages\/5307","targetHints":{"allow":["GET"]}}],"collection":[{"href":"https:\/\/muzika.aluksne.lv\/index.php?rest_route=\/wp\/v2\/pages"}],"about":[{"href":"https:\/\/muzika.aluksne.lv\/index.php?rest_route=\/wp\/v2\/types\/page"}],"author":[{"embeddable":true,"href":"https:\/\/muzika.aluksne.lv\/index.php?rest_route=\/wp\/v2\/users\/5"}],"replies":[{"embeddable":true,"href":"https:\/\/muzika.aluksne.lv\/index.php?rest_route=%2Fwp%2Fv2%2Fcomments&post=5307"}],"version-history":[{"count":1,"href":"https:\/\/muzika.aluksne.lv\/index.php?rest_route=\/wp\/v2\/pages\/5307\/revisions"}],"predecessor-version":[{"id":5309,"href":"https:\/\/muzika.aluksne.lv\/index.php?rest_route=\/wp\/v2\/pages\/5307\/revisions\/5309"}],"wp:attachment":[{"href":"https:\/\/muzika.aluksne.lv\/index.php?rest_route=%2Fwp%2Fv2%2Fmedia&parent=5307"}],"curies":[{"name":"wp","href":"https:\/\/api.w.org\/{rel}","templated":true}]}}