{"id":459,"date":"2017-08-31T14:59:45","date_gmt":"2017-08-31T11:59:45","guid":{"rendered":"https:\/\/muzika.aluksne.lv\/?page_id=459"},"modified":"2025-04-07T10:41:41","modified_gmt":"2025-04-07T07:41:41","slug":"kontakti","status":"publish","type":"page","link":"https:\/\/muzika.aluksne.lv\/?page_id=459","title":{"rendered":"Kontakti"},"content":{"rendered":"<p><strong>Skolas adrese:<\/strong><br \/>\nJ\u0101\u0146kalna iela \u2013 38<br \/>\nAl\u016bksne, Al\u016bksnes novads, LV 4301<br \/>\nT\u0101lrunis: 26137177<br \/>\ne-pasts: <a href=\"mailto:muzikas_skola@aluksne.lv\">muzikas_skola@aluksne.lv<\/a><\/p>\n<p>e Adrese: _DEFAULT@40900006373<\/p>\n<p><strong>Direktore:<\/strong><\/p>\n<p>Dana Berkule<\/p>\n<p><a href=\"mailto:dana.berkule@aluksne.lv\">dana.berkule@aluksne.lv<\/a><\/p>\n<p><strong>Direktores vietniece:<\/strong><\/p>\n<p>Inga Krasta<\/p>\n<p><a href=\"mailto:inga.krasta@aluksne.lv\">inga.krasta@aluksne.lv<\/a><\/p>\n<p><strong>Lietvede:<\/strong><\/p>\n<p>Ing\u016bna Apse<\/p>\n<p><a href=\"mailto:inguna.apse@aluksne.lv\">inguna.apse@aluksne.lv<\/a><\/p>\n","protected":false},"excerpt":{"rendered":"<p>Skolas adrese: J\u0101\u0146kalna iela \u2013 38 Al\u016bksne, Al\u016bksnes novads, LV 4301 T\u0101lrunis: 26137177 e-pasts: muzikas_skola@aluksne.lv e Adrese: _DEFAULT@40900006373 Direktore: Dana Berkule dana.berkule@aluksne.lv Direktores vietniece: Inga Krasta inga.krasta@aluksne.lv Lietvede: Ing\u016bna Apse&#8230;<\/p>\n","protected":false},"author":2,"featured_media":0,"parent":0,"menu_order":0,"comment_status":"closed","ping_status":"closed","template":"","meta":{"footnotes":""},"class_list":["post-459","page","type-page","status-publish","hentry"],"_links":{"self":[{"href":"https:\/\/muzika.aluksne.lv\/index.php?rest_route=\/wp\/v2\/pages\/459","targetHints":{"allow":["GET"]}}],"collection":[{"href":"https:\/\/muzika.aluksne.lv\/index.php?rest_route=\/wp\/v2\/pages"}],"about":[{"href":"https:\/\/muzika.aluksne.lv\/index.php?rest_route=\/wp\/v2\/types\/page"}],"author":[{"embeddable":true,"href":"https:\/\/muzika.aluksne.lv\/index.php?rest_route=\/wp\/v2\/users\/2"}],"replies":[{"embeddable":true,"href":"https:\/\/muzika.aluksne.lv\/index.php?rest_route=%2Fwp%2Fv2%2Fcomments&post=459"}],"version-history":[{"count":11,"href":"https:\/\/muzika.aluksne.lv\/index.php?rest_route=\/wp\/v2\/pages\/459\/revisions"}],"predecessor-version":[{"id":4988,"href":"https:\/\/muzika.aluksne.lv\/index.php?rest_route=\/wp\/v2\/pages\/459\/revisions\/4988"}],"wp:attachment":[{"href":"https:\/\/muzika.aluksne.lv\/index.php?rest_route=%2Fwp%2Fv2%2Fmedia&parent=459"}],"curies":[{"name":"wp","href":"https:\/\/api.w.org\/{rel}","templated":true}]}}