{"id":3837,"date":"2023-05-30T08:37:13","date_gmt":"2023-05-30T05:37:13","guid":{"rendered":"https:\/\/muzika.aluksne.lv\/?page_id=3837"},"modified":"2024-11-05T14:12:03","modified_gmt":"2024-11-05T12:12:03","slug":"pieklustamibas-pazinojums","status":"publish","type":"page","link":"https:\/\/muzika.aluksne.lv\/?page_id=3837","title":{"rendered":"Piek\u013c\u016bstam\u012bbas pazi\u0146ojums"},"content":{"rendered":"\n<h2 class=\"wp-block-heading\">Piek\u013c\u016bstam\u012bbas pazi\u0146ojums<\/h2>\n\n\n\n<p>Al\u016bksnes M\u016bzikas skola&nbsp;saska\u0146\u0101 ar Ministru kabineta 2020. gada 14. j\u016blija noteikumiem Nr. 445 &#8220;K\u0101rt\u012bba, k\u0101d\u0101 iest\u0101des ievieto inform\u0101ciju internet\u0101&#8221; (turpm\u0101k \u2013 noteikumi Nr. 445) ap\u0146emas savu&nbsp;t\u012bmek\u013cvietni&nbsp;veidot piek\u013c\u016bstamu.<\/p>\n\n\n\n<p>\u0160is piek\u013c\u016bstam\u012bbas pazi\u0146ojums attiecas uz: Al\u016bksnes M\u016bzikas skola &#8211;&nbsp;<a rel=\"noreferrer noopener\" href=\"https:\/\/muzika.aluksne.lv\" target=\"_blank\">https:\/\/muzika.aluksne.lv<\/a><\/p>\n\n\n\n<p>T\u012bmek\u013cvietnei&nbsp;veikts&nbsp;Vienk\u0101r\u0161otais izv\u0113rt\u0113jums. Izmantot\u0101 metode &#8211;&nbsp;VARAM sagatavot\u0101s \u201cVadl\u012bnijas iest\u0101\u017eu t\u012bmek\u013cvietn\u0113m noteikto piek\u013c\u016bstam\u012bbas pras\u012bbu iev\u0113ro\u0161anas ietekmes izv\u0113rt\u0113\u0161anai un nesam\u0113r\u012bg\u0101 sloga pamato\u0161anai\u201d.<\/p>\n\n\n\n<p><\/p>\n\n\n\n<h3 class=\"wp-block-heading\">Cik piek\u013c\u016bstama ir \u0161\u012b&nbsp;t\u012bmek\u013cvietne?<\/h3>\n\n\n\n<p><a rel=\"noreferrer noopener\" href=\"https:\/\/muzika.aluksne.lv\" target=\"_blank\">Al\u016bksnes M\u016bzikas skola<\/a> t\u012bmek\u013cvietne da\u013c\u0113ji atbilst MK noteikumiem Nr. 445&nbsp;turpm\u0101k min\u0113to iemeslu d\u0113\u013c.<\/p>\n\n\n\n<h4 class=\"wp-block-heading\">Neatbilst\u012bba pras\u012bb\u0101m, kas min\u0113tas noteikumos Nr. 445<\/h4>\n\n\n\n<ul id=\"a11y-non-compliance-list\" class=\"wp-block-list\">\n<li>Tastat\u016bras piek\u013cuve un vizu\u0101lais fokuss: P\u0101rvietojoties ar tausti\u0146u TAB, tastat\u016bras fokuss nav redzams.<\/li>\n\n\n\n<li>Att\u0113lu tekstu\u0101l\u0101 alternat\u012bva: Daudziem att\u0113liem nav alternat\u012bv\u0101 teksta.<\/li>\n\n\n\n<li>Virsraksti: Vair\u0101k\u0101m zi\u0146\u0101m nav virsraksta.<\/li>\n<\/ul>\n\n\n\n<p>\u0160\u012b&nbsp;t\u012bmek\u013cvietne&nbsp;p\u0113d\u0113jo reizi tika izv\u0113rt\u0113ta&nbsp;29.05.2023. <br>Izv\u0113rt\u0113\u0161anu veica&nbsp;Santa K\u013cava-B\u016bmane.<\/p>\n\n\n\n<p>Izv\u0113rt\u0113jumu apliecino\u0161s dokuments:\u00a0<a href=\"https:\/\/aluksne.lv\/citi%20dokumenti\/izvertesanas-protokols_muzika.edoc\">lejupl\u0101d\u0113t<\/a>.<\/p>\n\n\n\n<p><\/p>\n\n\n\n<h3 class=\"wp-block-heading\">Piek\u013c\u016bstam\u012bbas alternat\u012bvas<\/h3>\n\n\n\n<p>Lai sa\u0146emtu saturu, kas \u0161obr\u012bd nav piek\u013c\u016bstams, cit\u0101 form\u0101t\u0101, pied\u0101v\u0101jam turpm\u0101k min\u0113t\u0101s alternat\u012bvas.<br>&#8211; No 29.05.2023. saturs m\u0101jaslap\u0101 tiks ievietots gan att\u0113lu veid\u0101 (nodro\u0161inot ar\u012b alternat\u012bvo saturu), gan ar\u012b teksta veid\u0101.<br>&#8211; L\u012bdz n\u0101ko\u0161ajai izv\u0113rt\u0113\u0161anai, iesp\u0113ju robe\u017e\u0101s, tiks nov\u0113rstas citas nepiln\u012bbas, kas saist\u012btas ar piek\u013c\u016bstam\u012bbu.<\/p>\n\n\n\n<p><\/p>\n\n\n\n<h3 class=\"wp-block-heading\">Atsauksm\u0113m un sazi\u0146ai<\/h3>\n\n\n\n<p>M\u0113s nep\u0101rtraukti cen\u0161amies uzlabot \u0161\u012bs&nbsp;t\u012bmek\u013cvietnes&nbsp;piek\u013c\u016bstam\u012bbu.<\/p>\n\n\n\n<p>Ja J\u016bs konstat\u0113jat k\u0101das probl\u0113mas vai nepiln\u012bbas, kas nav min\u0113tas \u0161aj\u0101 pazi\u0146ojum\u0101 vai v\u0113laties sa\u0146emt nepiek\u013c\u016bstamo saturu cit\u0101 form\u0101t\u0101, sazinieties ar mums:<br>E-past\u0101:&nbsp;<a href=\"mailto:muzikas_skola@aluksne.lv\">muzikas_skola@aluksne.lv<\/a><br>Zvaniet:&nbsp;<a href=\"tel:26137177\">26137177<\/a><\/p>\n\n\n\n<p>M\u0113s izskat\u012bsim J\u016bsu piepras\u012bjumu un sniegsim atbildi&nbsp;14 darba dienu laik\u0101.<\/p>\n\n\n\n<p><\/p>\n\n\n\n<h3 class=\"wp-block-heading\">S\u016bdz\u012bbu iesnieg\u0161ana<\/h3>\n\n\n\n<p>Direktore Gunta Bo\u0161a,<br>gunta.bosa@aluksne.lv<\/p>\n\n\n\n<p>P\u0101rraugo\u0161aj\u0101 iest\u0101d\u0113 atbild\u012bgais ir&nbsp;Al\u016bksnes novada pa\u0161vald\u012bba.<\/p>\n\n\n\n<p>Ja neesam atbilsto\u0161i rea\u0123\u0113ju\u0161i uz J\u016bsu iesniegumu vai s\u016bdz\u012bbu par&nbsp;t\u012bmek\u013cvietnes&nbsp;satura piek\u013c\u016bstam\u012bbu, Jums ir iesp\u0113ja iesniegt s\u016bdz\u012bbu Latvijas Republikas Ties\u012bbsargam:<\/p>\n\n\n\n<p>Ties\u012bbsarga birojs: Bazn\u012bcas iela 25 R\u012bg\u0101, LV-1010<br>T\u0101lrunis:&nbsp;<a href=\"tel:+37167686768\">+37167686768<\/a><br>E-pasts:&nbsp;<a href=\"mailto:tiesibsargs@tiesibsargs.lv\">tiesibsargs@tiesibsargs.lv<\/a><br><a href=\"https:\/\/www.tiesibsargs.lv\/lv\/pages\/kontaktinformacija\">https:\/\/www.tiesibsargs.lv\/lv\/pages\/kontaktinformacija<\/a><\/p>\n\n\n\n<p><\/p>\n\n\n\n<h3 class=\"wp-block-heading\">Zi\u0146as par pazi\u0146ojuma sagatavo\u0161anu<\/h3>\n\n\n\n<p>\u0160is pazi\u0146ojums pirmo reizi tika sagatavots&nbsp;29.05.2023.<br>\u0160is pazi\u0146ojums tika labots&nbsp;17.01.2024.<\/p>\n\n\n\n<p>\u0160o pazi\u0146ojumu apstiprin\u0101ja&nbsp;Dana Berkule,&nbsp;Direktore.<\/p>\n","protected":false},"excerpt":{"rendered":"<p>Piek\u013c\u016bstam\u012bbas pazi\u0146ojums Al\u016bksnes M\u016bzikas skola&nbsp;saska\u0146\u0101 ar Ministru kabineta 2020. gada 14. j\u016blija noteikumiem Nr. 445 &#8220;K\u0101rt\u012bba, k\u0101d\u0101 iest\u0101des ievieto inform\u0101ciju internet\u0101&#8221; (turpm\u0101k \u2013 noteikumi Nr. 445) ap\u0146emas savu&nbsp;t\u012bmek\u013cvietni&nbsp;veidot piek\u013c\u016bstamu. \u0160is&#8230;<\/p>\n","protected":false},"author":1,"featured_media":0,"parent":0,"menu_order":0,"comment_status":"closed","ping_status":"closed","template":"","meta":{"footnotes":""},"class_list":["post-3837","page","type-page","status-publish","hentry"],"_links":{"self":[{"href":"https:\/\/muzika.aluksne.lv\/index.php?rest_route=\/wp\/v2\/pages\/3837","targetHints":{"allow":["GET"]}}],"collection":[{"href":"https:\/\/muzika.aluksne.lv\/index.php?rest_route=\/wp\/v2\/pages"}],"about":[{"href":"https:\/\/muzika.aluksne.lv\/index.php?rest_route=\/wp\/v2\/types\/page"}],"author":[{"embeddable":true,"href":"https:\/\/muzika.aluksne.lv\/index.php?rest_route=\/wp\/v2\/users\/1"}],"replies":[{"embeddable":true,"href":"https:\/\/muzika.aluksne.lv\/index.php?rest_route=%2Fwp%2Fv2%2Fcomments&post=3837"}],"version-history":[{"count":10,"href":"https:\/\/muzika.aluksne.lv\/index.php?rest_route=\/wp\/v2\/pages\/3837\/revisions"}],"predecessor-version":[{"id":4611,"href":"https:\/\/muzika.aluksne.lv\/index.php?rest_route=\/wp\/v2\/pages\/3837\/revisions\/4611"}],"wp:attachment":[{"href":"https:\/\/muzika.aluksne.lv\/index.php?rest_route=%2Fwp%2Fv2%2Fmedia&parent=3837"}],"curies":[{"name":"wp","href":"https:\/\/api.w.org\/{rel}","templated":true}]}}