{"id":3159,"date":"2021-09-29T12:54:28","date_gmt":"2021-09-29T09:54:28","guid":{"rendered":"https:\/\/muzika.aluksne.lv\/?page_id=3159"},"modified":"2021-09-29T12:54:28","modified_gmt":"2021-09-29T09:54:28","slug":"izglitibas-iestades-padomes-reglaments","status":"publish","type":"page","link":"https:\/\/muzika.aluksne.lv\/?page_id=3159","title":{"rendered":"Izgl\u012bt\u012bbas iest\u0101des padomes reglaments"},"content":{"rendered":"\n<figure class=\"wp-block-image size-large\"><img loading=\"lazy\" decoding=\"async\" width=\"744\" height=\"1024\" src=\"https:\/\/muzika.aluksne.lv\/wp-content\/uploads\/2021\/09\/Pad_regl_1-2-744x1024.jpg\" alt=\"\" class=\"wp-image-3160\" srcset=\"https:\/\/muzika.aluksne.lv\/wp-content\/uploads\/2021\/09\/Pad_regl_1-2-744x1024.jpg 744w, https:\/\/muzika.aluksne.lv\/wp-content\/uploads\/2021\/09\/Pad_regl_1-2-218x300.jpg 218w, https:\/\/muzika.aluksne.lv\/wp-content\/uploads\/2021\/09\/Pad_regl_1-2-768x1057.jpg 768w, https:\/\/muzika.aluksne.lv\/wp-content\/uploads\/2021\/09\/Pad_regl_1-2.jpg 850w\" sizes=\"auto, (max-width: 744px) 100vw, 744px\" \/><\/figure>\n\n\n\n<figure class=\"wp-block-image size-large\"><img loading=\"lazy\" decoding=\"async\" width=\"744\" height=\"1024\" src=\"https:\/\/muzika.aluksne.lv\/wp-content\/uploads\/2021\/09\/Pad_regl_2-2-744x1024.jpg\" alt=\"\" class=\"wp-image-3161\" srcset=\"https:\/\/muzika.aluksne.lv\/wp-content\/uploads\/2021\/09\/Pad_regl_2-2-744x1024.jpg 744w, https:\/\/muzika.aluksne.lv\/wp-content\/uploads\/2021\/09\/Pad_regl_2-2-218x300.jpg 218w, https:\/\/muzika.aluksne.lv\/wp-content\/uploads\/2021\/09\/Pad_regl_2-2-768x1057.jpg 768w, https:\/\/muzika.aluksne.lv\/wp-content\/uploads\/2021\/09\/Pad_regl_2-2.jpg 850w\" sizes=\"auto, (max-width: 744px) 100vw, 744px\" \/><\/figure>\n\n\n\n<figure class=\"wp-block-image size-large\"><img loading=\"lazy\" decoding=\"async\" width=\"744\" height=\"1024\" src=\"https:\/\/muzika.aluksne.lv\/wp-content\/uploads\/2021\/09\/Pad_regl_3-2-744x1024.jpg\" alt=\"\" class=\"wp-image-3162\" srcset=\"https:\/\/muzika.aluksne.lv\/wp-content\/uploads\/2021\/09\/Pad_regl_3-2-744x1024.jpg 744w, https:\/\/muzika.aluksne.lv\/wp-content\/uploads\/2021\/09\/Pad_regl_3-2-218x300.jpg 218w, https:\/\/muzika.aluksne.lv\/wp-content\/uploads\/2021\/09\/Pad_regl_3-2-768x1057.jpg 768w, https:\/\/muzika.aluksne.lv\/wp-content\/uploads\/2021\/09\/Pad_regl_3-2.jpg 850w\" sizes=\"auto, (max-width: 744px) 100vw, 744px\" \/><\/figure>\n","protected":false},"excerpt":{"rendered":"","protected":false},"author":3,"featured_media":0,"parent":0,"menu_order":0,"comment_status":"closed","ping_status":"closed","template":"","meta":{"footnotes":""},"class_list":["post-3159","page","type-page","status-publish","hentry"],"_links":{"self":[{"href":"https:\/\/muzika.aluksne.lv\/index.php?rest_route=\/wp\/v2\/pages\/3159","targetHints":{"allow":["GET"]}}],"collection":[{"href":"https:\/\/muzika.aluksne.lv\/index.php?rest_route=\/wp\/v2\/pages"}],"about":[{"href":"https:\/\/muzika.aluksne.lv\/index.php?rest_route=\/wp\/v2\/types\/page"}],"author":[{"embeddable":true,"href":"https:\/\/muzika.aluksne.lv\/index.php?rest_route=\/wp\/v2\/users\/3"}],"replies":[{"embeddable":true,"href":"https:\/\/muzika.aluksne.lv\/index.php?rest_route=%2Fwp%2Fv2%2Fcomments&post=3159"}],"version-history":[{"count":2,"href":"https:\/\/muzika.aluksne.lv\/index.php?rest_route=\/wp\/v2\/pages\/3159\/revisions"}],"predecessor-version":[{"id":3991,"href":"https:\/\/muzika.aluksne.lv\/index.php?rest_route=\/wp\/v2\/pages\/3159\/revisions\/3991"}],"wp:attachment":[{"href":"https:\/\/muzika.aluksne.lv\/index.php?rest_route=%2Fwp%2Fv2%2Fmedia&parent=3159"}],"curies":[{"name":"wp","href":"https:\/\/api.w.org\/{rel}","templated":true}]}}