{"id":3138,"date":"2021-09-29T12:12:52","date_gmt":"2021-09-29T09:12:52","guid":{"rendered":"https:\/\/muzika.aluksne.lv\/?page_id=3138"},"modified":"2021-09-29T12:12:53","modified_gmt":"2021-09-29T09:12:53","slug":"macibu-prieksmetu-metodisko-komisiju-reglaments","status":"publish","type":"page","link":"https:\/\/muzika.aluksne.lv\/?page_id=3138","title":{"rendered":"M\u0101c\u012bbu priek\u0161metu metodisko komisiju reglaments"},"content":{"rendered":"\n<figure class=\"wp-block-image size-large\"><img loading=\"lazy\" decoding=\"async\" width=\"744\" height=\"1024\" src=\"https:\/\/muzika.aluksne.lv\/wp-content\/uploads\/2021\/09\/Metod_kom_regl_1-744x1024.jpg\" alt=\"\" class=\"wp-image-3139\" srcset=\"https:\/\/muzika.aluksne.lv\/wp-content\/uploads\/2021\/09\/Metod_kom_regl_1-744x1024.jpg 744w, https:\/\/muzika.aluksne.lv\/wp-content\/uploads\/2021\/09\/Metod_kom_regl_1-218x300.jpg 218w, https:\/\/muzika.aluksne.lv\/wp-content\/uploads\/2021\/09\/Metod_kom_regl_1-768x1057.jpg 768w, https:\/\/muzika.aluksne.lv\/wp-content\/uploads\/2021\/09\/Metod_kom_regl_1.jpg 850w\" sizes=\"auto, (max-width: 744px) 100vw, 744px\" \/><\/figure>\n\n\n\n<figure class=\"wp-block-image size-large\"><img loading=\"lazy\" decoding=\"async\" width=\"744\" height=\"1024\" src=\"https:\/\/muzika.aluksne.lv\/wp-content\/uploads\/2021\/09\/Metod_kom_regl_2-744x1024.jpg\" alt=\"\" class=\"wp-image-3140\" srcset=\"https:\/\/muzika.aluksne.lv\/wp-content\/uploads\/2021\/09\/Metod_kom_regl_2-744x1024.jpg 744w, https:\/\/muzika.aluksne.lv\/wp-content\/uploads\/2021\/09\/Metod_kom_regl_2-218x300.jpg 218w, https:\/\/muzika.aluksne.lv\/wp-content\/uploads\/2021\/09\/Metod_kom_regl_2-768x1057.jpg 768w, https:\/\/muzika.aluksne.lv\/wp-content\/uploads\/2021\/09\/Metod_kom_regl_2.jpg 850w\" sizes=\"auto, (max-width: 744px) 100vw, 744px\" \/><\/figure>\n\n\n\n<figure class=\"wp-block-image size-large\"><img loading=\"lazy\" decoding=\"async\" width=\"744\" height=\"1024\" src=\"https:\/\/muzika.aluksne.lv\/wp-content\/uploads\/2021\/09\/Metod_kom_regl_3-744x1024.jpg\" alt=\"\" class=\"wp-image-3141\" srcset=\"https:\/\/muzika.aluksne.lv\/wp-content\/uploads\/2021\/09\/Metod_kom_regl_3-744x1024.jpg 744w, https:\/\/muzika.aluksne.lv\/wp-content\/uploads\/2021\/09\/Metod_kom_regl_3-218x300.jpg 218w, https:\/\/muzika.aluksne.lv\/wp-content\/uploads\/2021\/09\/Metod_kom_regl_3-768x1057.jpg 768w, https:\/\/muzika.aluksne.lv\/wp-content\/uploads\/2021\/09\/Metod_kom_regl_3.jpg 850w\" sizes=\"auto, (max-width: 744px) 100vw, 744px\" \/><\/figure>\n\n\n\n<figure class=\"wp-block-image size-large\"><img loading=\"lazy\" decoding=\"async\" width=\"744\" height=\"1024\" src=\"https:\/\/muzika.aluksne.lv\/wp-content\/uploads\/2021\/09\/Metod_kom_regl_4-744x1024.jpg\" alt=\"\" class=\"wp-image-3142\" srcset=\"https:\/\/muzika.aluksne.lv\/wp-content\/uploads\/2021\/09\/Metod_kom_regl_4-744x1024.jpg 744w, https:\/\/muzika.aluksne.lv\/wp-content\/uploads\/2021\/09\/Metod_kom_regl_4-218x300.jpg 218w, https:\/\/muzika.aluksne.lv\/wp-content\/uploads\/2021\/09\/Metod_kom_regl_4-768x1057.jpg 768w, https:\/\/muzika.aluksne.lv\/wp-content\/uploads\/2021\/09\/Metod_kom_regl_4.jpg 850w\" sizes=\"auto, (max-width: 744px) 100vw, 744px\" \/><\/figure>\n","protected":false},"excerpt":{"rendered":"","protected":false},"author":3,"featured_media":0,"parent":0,"menu_order":0,"comment_status":"closed","ping_status":"closed","template":"","meta":{"footnotes":""},"class_list":["post-3138","page","type-page","status-publish","hentry"],"_links":{"self":[{"href":"https:\/\/muzika.aluksne.lv\/index.php?rest_route=\/wp\/v2\/pages\/3138","targetHints":{"allow":["GET"]}}],"collection":[{"href":"https:\/\/muzika.aluksne.lv\/index.php?rest_route=\/wp\/v2\/pages"}],"about":[{"href":"https:\/\/muzika.aluksne.lv\/index.php?rest_route=\/wp\/v2\/types\/page"}],"author":[{"embeddable":true,"href":"https:\/\/muzika.aluksne.lv\/index.php?rest_route=\/wp\/v2\/users\/3"}],"replies":[{"embeddable":true,"href":"https:\/\/muzika.aluksne.lv\/index.php?rest_route=%2Fwp%2Fv2%2Fcomments&post=3138"}],"version-history":[{"count":1,"href":"https:\/\/muzika.aluksne.lv\/index.php?rest_route=\/wp\/v2\/pages\/3138\/revisions"}],"predecessor-version":[{"id":3144,"href":"https:\/\/muzika.aluksne.lv\/index.php?rest_route=\/wp\/v2\/pages\/3138\/revisions\/3144"}],"wp:attachment":[{"href":"https:\/\/muzika.aluksne.lv\/index.php?rest_route=%2Fwp%2Fv2%2Fmedia&parent=3138"}],"curies":[{"name":"wp","href":"https:\/\/api.w.org\/{rel}","templated":true}]}}