{"id":3131,"date":"2021-09-29T12:09:42","date_gmt":"2021-09-29T09:09:42","guid":{"rendered":"https:\/\/muzika.aluksne.lv\/?page_id=3131"},"modified":"2021-09-29T12:09:42","modified_gmt":"2021-09-29T09:09:42","slug":"izglitojamo-parcelsanas-un-atskaitisanas-kartiba","status":"publish","type":"page","link":"https:\/\/muzika.aluksne.lv\/?page_id=3131","title":{"rendered":"Izgl\u012btojamo p\u0101rcel\u0161anas un atskait\u012b\u0161anas k\u0101rt\u012bba"},"content":{"rendered":"\n<figure class=\"wp-block-image size-large\"><img loading=\"lazy\" decoding=\"async\" width=\"744\" height=\"1024\" src=\"https:\/\/muzika.aluksne.lv\/wp-content\/uploads\/2021\/09\/Parcel_atsk_1-744x1024.jpg\" alt=\"\" class=\"wp-image-3132\" srcset=\"https:\/\/muzika.aluksne.lv\/wp-content\/uploads\/2021\/09\/Parcel_atsk_1-744x1024.jpg 744w, https:\/\/muzika.aluksne.lv\/wp-content\/uploads\/2021\/09\/Parcel_atsk_1-218x300.jpg 218w, https:\/\/muzika.aluksne.lv\/wp-content\/uploads\/2021\/09\/Parcel_atsk_1-768x1057.jpg 768w, https:\/\/muzika.aluksne.lv\/wp-content\/uploads\/2021\/09\/Parcel_atsk_1.jpg 850w\" sizes=\"auto, (max-width: 744px) 100vw, 744px\" \/><\/figure>\n\n\n\n<figure class=\"wp-block-image size-large\"><img loading=\"lazy\" decoding=\"async\" width=\"744\" height=\"1024\" src=\"https:\/\/muzika.aluksne.lv\/wp-content\/uploads\/2021\/09\/Parcel_atsk_2-744x1024.jpg\" alt=\"\" class=\"wp-image-3133\" srcset=\"https:\/\/muzika.aluksne.lv\/wp-content\/uploads\/2021\/09\/Parcel_atsk_2-744x1024.jpg 744w, https:\/\/muzika.aluksne.lv\/wp-content\/uploads\/2021\/09\/Parcel_atsk_2-218x300.jpg 218w, https:\/\/muzika.aluksne.lv\/wp-content\/uploads\/2021\/09\/Parcel_atsk_2-768x1057.jpg 768w, https:\/\/muzika.aluksne.lv\/wp-content\/uploads\/2021\/09\/Parcel_atsk_2.jpg 850w\" sizes=\"auto, (max-width: 744px) 100vw, 744px\" \/><\/figure>\n\n\n\n<figure class=\"wp-block-image size-large\"><img loading=\"lazy\" decoding=\"async\" width=\"744\" height=\"1024\" src=\"https:\/\/muzika.aluksne.lv\/wp-content\/uploads\/2021\/09\/Parcel_atsk_3-744x1024.jpg\" alt=\"\" class=\"wp-image-3134\" srcset=\"https:\/\/muzika.aluksne.lv\/wp-content\/uploads\/2021\/09\/Parcel_atsk_3-744x1024.jpg 744w, https:\/\/muzika.aluksne.lv\/wp-content\/uploads\/2021\/09\/Parcel_atsk_3-218x300.jpg 218w, https:\/\/muzika.aluksne.lv\/wp-content\/uploads\/2021\/09\/Parcel_atsk_3-768x1057.jpg 768w, https:\/\/muzika.aluksne.lv\/wp-content\/uploads\/2021\/09\/Parcel_atsk_3.jpg 850w\" sizes=\"auto, (max-width: 744px) 100vw, 744px\" \/><\/figure>\n","protected":false},"excerpt":{"rendered":"","protected":false},"author":3,"featured_media":0,"parent":0,"menu_order":0,"comment_status":"closed","ping_status":"closed","template":"","meta":{"footnotes":""},"class_list":["post-3131","page","type-page","status-publish","hentry"],"_links":{"self":[{"href":"https:\/\/muzika.aluksne.lv\/index.php?rest_route=\/wp\/v2\/pages\/3131","targetHints":{"allow":["GET"]}}],"collection":[{"href":"https:\/\/muzika.aluksne.lv\/index.php?rest_route=\/wp\/v2\/pages"}],"about":[{"href":"https:\/\/muzika.aluksne.lv\/index.php?rest_route=\/wp\/v2\/types\/page"}],"author":[{"embeddable":true,"href":"https:\/\/muzika.aluksne.lv\/index.php?rest_route=\/wp\/v2\/users\/3"}],"replies":[{"embeddable":true,"href":"https:\/\/muzika.aluksne.lv\/index.php?rest_route=%2Fwp%2Fv2%2Fcomments&post=3131"}],"version-history":[{"count":1,"href":"https:\/\/muzika.aluksne.lv\/index.php?rest_route=\/wp\/v2\/pages\/3131\/revisions"}],"predecessor-version":[{"id":3136,"href":"https:\/\/muzika.aluksne.lv\/index.php?rest_route=\/wp\/v2\/pages\/3131\/revisions\/3136"}],"wp:attachment":[{"href":"https:\/\/muzika.aluksne.lv\/index.php?rest_route=%2Fwp%2Fv2%2Fmedia&parent=3131"}],"curies":[{"name":"wp","href":"https:\/\/api.w.org\/{rel}","templated":true}]}}