{"id":2911,"date":"2020-11-05T11:41:03","date_gmt":"2020-11-05T09:41:03","guid":{"rendered":"https:\/\/muzika.aluksne.lv\/?page_id=2911"},"modified":"2025-12-04T11:46:00","modified_gmt":"2025-12-04T09:46:00","slug":"ieksejie-noteikumi","status":"publish","type":"page","link":"https:\/\/muzika.aluksne.lv\/?page_id=2911","title":{"rendered":"Iek\u0161\u0113jie noteikumi"},"content":{"rendered":"<h3><\/h3>\n<h3><strong><a href=\"https:\/\/muzika.aluksne.lv\/wp-content\/uploads\/2020\/12\/Iek\u0161\u0113jie-noteikumi_Vec\u0101ku-l\u012bdzfinans\u0113jums.pdf\">Par l\u012bdzfinans\u0113juma samaksas k\u0101rt\u012bbu izgl\u012bt\u012bbas programmas\u00a0 ieguvei Al\u016bksnes M\u016bzikas skol\u0101<\/a><\/strong><\/h3>\n\n\n<div data-wp-interactive=\"core\/file\" class=\"wp-block-file\"><object data-wp-bind--hidden=\"!state.hasPdfPreview\" hidden class=\"wp-block-file__embed\" data=\"https:\/\/muzika.aluksne.lv\/wp-content\/uploads\/2025\/12\/Aluksnes-Muzikas-skola-_Drosibas-noteikumi.pdf\" type=\"application\/pdf\" style=\"width:100%;height:600px\" aria-label=\"Iegult Al\u016bksnes M\u016bzikas skola _Dro\u0161\u012bbas noteikumi.\"><\/object><a id=\"wp-block-file--media-86930e52-bacd-434c-9c8f-980bfedda8e1\" href=\"https:\/\/muzika.aluksne.lv\/wp-content\/uploads\/2025\/12\/Aluksnes-Muzikas-skola-_Drosibas-noteikumi.pdf\">Al\u016bksnes M\u016bzikas skola _Dro\u0161\u012bbas noteikumi<\/a><a href=\"https:\/\/muzika.aluksne.lv\/wp-content\/uploads\/2025\/12\/Aluksnes-Muzikas-skola-_Drosibas-noteikumi.pdf\" class=\"wp-block-file__button wp-element-button\" download aria-describedby=\"wp-block-file--media-86930e52-bacd-434c-9c8f-980bfedda8e1\">Lejupiel\u0101d\u0113t<\/a><\/div>\n","protected":false},"excerpt":{"rendered":"<p>Par l\u012bdzfinans\u0113juma samaksas k\u0101rt\u012bbu izgl\u012bt\u012bbas programmas\u00a0 ieguvei Al\u016bksnes M\u016bzikas skol\u0101<\/p>\n","protected":false},"author":2,"featured_media":0,"parent":0,"menu_order":0,"comment_status":"closed","ping_status":"closed","template":"","meta":{"footnotes":""},"class_list":["post-2911","page","type-page","status-publish","hentry"],"_links":{"self":[{"href":"https:\/\/muzika.aluksne.lv\/index.php?rest_route=\/wp\/v2\/pages\/2911","targetHints":{"allow":["GET"]}}],"collection":[{"href":"https:\/\/muzika.aluksne.lv\/index.php?rest_route=\/wp\/v2\/pages"}],"about":[{"href":"https:\/\/muzika.aluksne.lv\/index.php?rest_route=\/wp\/v2\/types\/page"}],"author":[{"embeddable":true,"href":"https:\/\/muzika.aluksne.lv\/index.php?rest_route=\/wp\/v2\/users\/2"}],"replies":[{"embeddable":true,"href":"https:\/\/muzika.aluksne.lv\/index.php?rest_route=%2Fwp%2Fv2%2Fcomments&post=2911"}],"version-history":[{"count":14,"href":"https:\/\/muzika.aluksne.lv\/index.php?rest_route=\/wp\/v2\/pages\/2911\/revisions"}],"predecessor-version":[{"id":5317,"href":"https:\/\/muzika.aluksne.lv\/index.php?rest_route=\/wp\/v2\/pages\/2911\/revisions\/5317"}],"wp:attachment":[{"href":"https:\/\/muzika.aluksne.lv\/index.php?rest_route=%2Fwp%2Fv2%2Fmedia&parent=2911"}],"curies":[{"name":"wp","href":"https:\/\/api.w.org\/{rel}","templated":true}]}}