{"id":267,"date":"2017-08-30T15:41:27","date_gmt":"2017-08-30T12:41:27","guid":{"rendered":"https:\/\/muzika.aluksne.lv\/?page_id=267"},"modified":"2018-08-22T12:23:03","modified_gmt":"2018-08-22T09:23:03","slug":"vokala-muzika-kora-klase","status":"publish","type":"page","link":"https:\/\/muzika.aluksne.lv\/?page_id=267","title":{"rendered":"Vok\u0101l\u0101 m\u016bzika &#8211; Kora klase"},"content":{"rendered":"<p>&nbsp;<\/p>\n<p style=\"text-align: center;\"><span style=\"color: #333399;\">Man bij\u2019 dziesmu v\u0101cel\u012bte<\/span><\/p>\n<p style=\"text-align: center;\"><span style=\"color: #333399;\">S\u012bk\u0101 lazdu kr\u016bmi\u0146\u0101,<\/span><\/p>\n<p style=\"text-align: center;\"><span style=\"color: #333399;\">Kad grib\u0113ju, tad dzied\u0101ju<\/span><\/p>\n<p style=\"text-align: center;\"><span style=\"color: #333399;\">Pa vienai las\u012bdama.<\/span><\/p>\n<p style=\"text-align: center;\"><span style=\"color: #333399;\">Dziesmu, manu ko\u0161u dziesmu<\/span><\/p>\n<p style=\"text-align: center;\"><span style=\"color: #333399;\">Tai maz\u0101 galvi\u0146\u0101,<\/span><\/p>\n<p style=\"text-align: center;\"><span style=\"color: #333399;\">Nav v\u0113l viena izdzied\u0101ta,<\/span><\/p>\n<p style=\"text-align: center;\"><span style=\"color: #333399;\">Jau devi\u0146as iedom\u0101tas.<\/span><\/p>\n<p style=\"text-align: center; padding-left: 240px;\"><span style=\"color: #333399;\">(Latvie\u0161u tautasdziesma)<\/span><\/p>\n<p>&nbsp;<\/p>\n<ul>\n<li>Izgl\u012bt\u012bbas programma Vok\u0101l\u0101 m\u016bzika \u2013 Kora klase tika atv\u0113rta 1998. gad\u0101. Pirm\u0101s skolot\u0101jas bija <strong>Sarm\u012bte Br\u012bdaka <\/strong>(1998. un 2005.-2007.) un <strong>Ilze Briedi\u0146a <\/strong>(1999).<\/li>\n<li>Laik\u0101, kad par vok\u0101l\u0101s m\u016bzikas skolot\u0101ju str\u0101d\u0101ja <strong>Sigita Taiv\u0101ne <\/strong>(1999.-2005.), kora klase ieguva atz\u012bstamu skan\u0113jumu. Tika nodibin\u0101ts meite\u0146u koris <strong><em>Melodija<\/em><\/strong>, kas X Latvijas skolu jaunatnes dziesmu un deju sv\u0113tkos (2005) ieguva II pak\u0101pes diplomu. Kora klases audz\u0113k\u0146i guva noz\u012bm\u012bgus sasniegumus b\u0113rnu un jaunie\u0161u vok\u0101listu konkursos.<\/li>\n<li>\u0160obr\u012bd Kora klasi vada <strong>Ingr\u012bda Pilskalne <\/strong>un <strong>Linda Berkule<\/strong>. Al\u016bksnes M\u016bzikas skolas koris ir piedal\u012bjies J\u0101zepa V\u012btola Latvijas m\u016bzikas skolu koru un ansamb\u013cu konkurs\u0101 <strong><em>Lai skan<\/em> <\/strong>R\u012bg\u0101 (2009., 2011., 2013.). Solo dzied\u0101t\u0101ji veiksm\u012bgi apliecin\u0101ju\u0161i sevi jauno izpild\u012bt\u0101ju konkursos Latvij\u0101. Priec\u0113, ka vair\u0101ki audz\u0113k\u0146i izv\u0113l\u0113ju\u0161ies apg\u016bt akad\u0113misko solo dzied\u0101\u0161anu, turpinot muzik\u0101lo izgl\u012bt\u012bbu R\u012bgas Doma kora skol\u0101, J\u0101zepa Medi\u0146a R\u012bgas M\u016bzikas vidusskol\u0101, Alfr\u0113da Kalni\u0146a C\u0113su M\u016bzikas vidusskol\u0101 u. c.<\/li>\n<\/ul>\n","protected":false},"excerpt":{"rendered":"<p>&nbsp; Man bij\u2019 dziesmu v\u0101cel\u012bte S\u012bk\u0101 lazdu kr\u016bmi\u0146\u0101, Kad grib\u0113ju, tad dzied\u0101ju Pa vienai las\u012bdama. Dziesmu, manu ko\u0161u dziesmu Tai maz\u0101 galvi\u0146\u0101, Nav v\u0113l viena izdzied\u0101ta, Jau devi\u0146as iedom\u0101tas. (Latvie\u0161u&#8230;<\/p>\n","protected":false},"author":2,"featured_media":0,"parent":83,"menu_order":0,"comment_status":"closed","ping_status":"closed","template":"","meta":{"footnotes":""},"class_list":["post-267","page","type-page","status-publish","hentry"],"_links":{"self":[{"href":"https:\/\/muzika.aluksne.lv\/index.php?rest_route=\/wp\/v2\/pages\/267","targetHints":{"allow":["GET"]}}],"collection":[{"href":"https:\/\/muzika.aluksne.lv\/index.php?rest_route=\/wp\/v2\/pages"}],"about":[{"href":"https:\/\/muzika.aluksne.lv\/index.php?rest_route=\/wp\/v2\/types\/page"}],"author":[{"embeddable":true,"href":"https:\/\/muzika.aluksne.lv\/index.php?rest_route=\/wp\/v2\/users\/2"}],"replies":[{"embeddable":true,"href":"https:\/\/muzika.aluksne.lv\/index.php?rest_route=%2Fwp%2Fv2%2Fcomments&post=267"}],"version-history":[{"count":8,"href":"https:\/\/muzika.aluksne.lv\/index.php?rest_route=\/wp\/v2\/pages\/267\/revisions"}],"predecessor-version":[{"id":2283,"href":"https:\/\/muzika.aluksne.lv\/index.php?rest_route=\/wp\/v2\/pages\/267\/revisions\/2283"}],"up":[{"embeddable":true,"href":"https:\/\/muzika.aluksne.lv\/index.php?rest_route=\/wp\/v2\/pages\/83"}],"wp:attachment":[{"href":"https:\/\/muzika.aluksne.lv\/index.php?rest_route=%2Fwp%2Fv2%2Fmedia&parent=267"}],"curies":[{"name":"wp","href":"https:\/\/api.w.org\/{rel}","templated":true}]}}