{"id":265,"date":"2017-08-30T15:41:10","date_gmt":"2017-08-30T12:41:10","guid":{"rendered":"https:\/\/muzika.aluksne.lv\/?page_id=265"},"modified":"2018-08-22T12:39:42","modified_gmt":"2018-08-22T09:39:42","slug":"sitaminstrumentu-spele","status":"publish","type":"page","link":"https:\/\/muzika.aluksne.lv\/?page_id=265","title":{"rendered":"Sitaminstrumentu sp\u0113le"},"content":{"rendered":"<blockquote>\n<p style=\"text-align: left;\"><strong>Ritms<\/strong> <em>ir jebkuras muzic\u0113\u0161anas pamat\u0101. Ritms ir tas pamats, kas organiz\u0113 ska\u0146as t\u0101d\u0101 strukt\u016br\u0101 jeb sist\u0113m\u0101, ko m\u0113s esam gatavi saukt par m\u016bziku. Ritms sastopams visur \u2013 kosmos\u0101, dab\u0101, m\u016bsos. Ritma esam\u012bba rada stabilit\u0101tes un dro\u0161\u012bbas saj\u016btu.<\/em><\/p>\n<p style=\"text-align: left;\">\u00a0 \u00a0 \u00a0 \u00a0 \u00a0 \u00a0 \u00a0 \u00a0 \u00a0 \u00a0 \u00a0 \u00a0 \u00a0 \u00a0 \u00a0 \u00a0 \u00a0 \u00a0 \u00a0 \u00a0 \u00a0 \u00a0 \u00a0 \u00a0 \u00a0 \u00a0 \u00a0 \u00a0 \u00a0 \u00a0 \u00a0 \u00a0 \u00a0 \u00a0 \u00a0 \u00a0 \u00a0 \u00a0 \u00a0 \u00a0 \u00a0 \u00a0 \u00a0 \u00a0 \u00a0 \u00a0 \u00a0 \u00a0 \u00a0 \u00a0 \u00a0 \u00a0 \u00a0 \u00a0 \u00a0 \u00a0 \u00a0 \u00a0 \u00a0 \u00a0 \u00a0 \u00a0 \u00a0 \u00a0 \u00a0 \u00a0 \u00a0 \u00a0 \u00a0 \u00a0 \u00a0 \u00a0 \u00a0 \u00a0 \u00a0 \u00a0 \u00a0 \u00a0 \u00a0 \u00a0 \u00a0 \u00a0 \u00a0 \u00a0 \u00a0 \u00a0 \u00a0 \u00a0 \u00a0 \u00a0 \u00a0 \u00a0 \u00a0 \u00a0 \u00a0 \u00a0 \u00a0 \u00a0 \u00a0 \u00a0 \u00a0 \u00a0 \u00a0 \u00a0 \u00a0 \u00a0 \u00a0 \u00a0 \u00a0 \u00a0 \u00a0 \u00a0 \u00a0 \u00a0 \u00a0 \u00a0 \u00a0 \u00a0 \u00a0 \u00a0 \u00a0 \u00a0 \u00a0 \u00a0 \u00a0 \u00a0 \u00a0 \u00a0 \u00a0 \u00a0 \u00a0 \u00a0 \u00a0 \u00a0 \u00a0 \u00a0 \u00a0 \u00a0 \u00a0 \u00a0 \u00a0 \u00a0 \u00a0 \u00a0 \u00a0 \u00a0 \u00a0 \u00a0 \u00a0 \u00a0 \u00a0 \u00a0 \u00a0 \u00a0 \u00a0 \u00a0 \u00a0 \u00a0 \u00a0 \u00a0 \u00a0 \u00a0 \u00a0 \u00a0 \u00a0 \u00a0 \u00a0 (B\u0101rdi\u0146\u0161 S. <em>Improviz\u0101cija \u2013 izaicin\u0101jums profesion\u0101lajai m\u016bzikas izgl\u012bt\u012bbai <\/em>\/<\/p>\n<p style=\"text-align: left;\">\u00a0 \u00a0 \u00a0 \u00a0 \u00a0 \u00a0 \u00a0 \u00a0 \u00a0 \u00a0 \u00a0 \u00a0 \u00a0 \u00a0 \u00a0 \u00a0 \u00a0 \u00a0 \u00a0 \u00a0 \u00a0 \u00a0 \u00a0 \u00a0 \u00a0 \u00a0 \u00a0 \u00a0 \u00a0 \u00a0 \u00a0 \u00a0 \u00a0 \u00a0 \u00a0 \u00a0 \u00a0 \u00a0 \u00a0 \u00a0 \u00a0 \u00a0 \u00a0 \u00a0 \u00a0 \u00a0 \u00a0 \u00a0 \u00a0 \u00a0 \u00a0 \u00a0 \u00a0 \u00a0 \u00a0 \u00a0 \u00a0 \u00a0 \u00a0 \u00a0 \u00a0 \u00a0 \u00a0 \u00a0 \u00a0 \u00a0 \u00a0 \u00a0 \u00a0 \u00a0 \u00a0 \u00a0 \u00a0 \u00a0 \u00a0 \u00a0 \u00a0 \u00a0 \u00a0 \u00a0 \u00a0 \u00a0 \u00a0 \u00a0Fonds M\u016bzikas darbn\u012bca, 2013, 10<em>)<\/em><\/p>\n<\/blockquote>\n<ul>\n<li>Al\u016bksnes M\u016bzikas skol\u0101 Sitaminstrumentu sp\u0113les klase ir viena no jaun\u0101kaj\u0101m izgl\u012bt\u012bbas programm\u0101m, kas izveidota 2013.\/2014. m\u0101c\u012bbu gad\u0101.<\/li>\n<li>Par sitaminstrumentu sp\u0113les skolot\u0101ju str\u0101d\u0101 Al\u016bksnes M\u016bzikas skolas absolvents <strong>M\u0101rcis Kalni\u0146\u0161<\/strong>.<\/li>\n<li>\u012as\u0101 laik\u0101 sitaminstrumentu sp\u0113les audz\u0113k\u0146i ir k\u013cuvu\u0161i par gaid\u012btiem un neiztr\u016bksto\u0161iem skolas, pils\u0113tas un novada kult\u016bras pas\u0101kumu dal\u012bbniekiem.<\/li>\n<li>Uzr\u0101d\u012bti labi rezult\u0101ti Latvijas profesion\u0101l\u0101s ievirzes izgl\u012bt\u012bbas iest\u0101\u017eu izgl\u012bt\u012bbas programmas <em>Sitaminstrumentu sp\u0113le <\/em>valsts konkursa fin\u0101l\u0101 2014.\/2015. m\u0101c\u012bbu gad\u0101.<\/li>\n<li>Uzteicama dal\u012bba Latvijas talantu konkurs\u0101 <em>Ineses Galantes talanti<\/em>, ikgad\u0113j\u0101 Latvijas m\u016bzikas skolu p\u016b\u0161aminstrumentu un sitaminstrumentu izpild\u012bt\u0101ju konkurs\u0101, viegl\u0101s un d\u017eeza m\u016bzikas ansamb\u013cu konkurs\u0101 <em>Rojas ritmi<\/em>, Latvijas izgl\u012bt\u012bbas iest\u0101\u017eu vok\u0101li instrument\u0101lo ansamb\u013cu, instrument\u0101lo kolekt\u012bvu un popgrupu festiv\u0101l\u0101 \u2013 konkurs\u0101 <em>No baroka l\u012bdz rokam<\/em>, Starptautiskaj\u0101 Zieme\u013clatvijas un Dienvidigaunijas instrument\u0101lo ansamb\u013cu sp\u0113les festiv\u0101l\u0101 J. Cimzes Valkas M\u016bzikas skol\u0101, konkurs\u0101 \u2013 koncertu cikl\u0101 <em>Talants Latvijai<\/em> , Starptautiskaj\u0101 jauno m\u016bzi\u0137u konkurs\u0101 Siguld\u0101 un citur, neizpaliekot bez godalgot\u0101m viet\u0101m.<\/li>\n<li>Sitaminstrumentu sp\u0113les apm\u0101c\u012bba novad\u0101 guvusi strauju popularit\u0101ti.<\/li>\n<\/ul>\n","protected":false},"excerpt":{"rendered":"<p>Ritms ir jebkuras muzic\u0113\u0161anas pamat\u0101. Ritms ir tas pamats, kas organiz\u0113 ska\u0146as t\u0101d\u0101 strukt\u016br\u0101 jeb sist\u0113m\u0101, ko m\u0113s esam gatavi saukt par m\u016bziku. Ritms sastopams visur \u2013 kosmos\u0101, dab\u0101, m\u016bsos&#8230;.<\/p>\n","protected":false},"author":2,"featured_media":0,"parent":83,"menu_order":0,"comment_status":"closed","ping_status":"closed","template":"","meta":{"footnotes":""},"class_list":["post-265","page","type-page","status-publish","hentry"],"_links":{"self":[{"href":"https:\/\/muzika.aluksne.lv\/index.php?rest_route=\/wp\/v2\/pages\/265","targetHints":{"allow":["GET"]}}],"collection":[{"href":"https:\/\/muzika.aluksne.lv\/index.php?rest_route=\/wp\/v2\/pages"}],"about":[{"href":"https:\/\/muzika.aluksne.lv\/index.php?rest_route=\/wp\/v2\/types\/page"}],"author":[{"embeddable":true,"href":"https:\/\/muzika.aluksne.lv\/index.php?rest_route=\/wp\/v2\/users\/2"}],"replies":[{"embeddable":true,"href":"https:\/\/muzika.aluksne.lv\/index.php?rest_route=%2Fwp%2Fv2%2Fcomments&post=265"}],"version-history":[{"count":15,"href":"https:\/\/muzika.aluksne.lv\/index.php?rest_route=\/wp\/v2\/pages\/265\/revisions"}],"predecessor-version":[{"id":2309,"href":"https:\/\/muzika.aluksne.lv\/index.php?rest_route=\/wp\/v2\/pages\/265\/revisions\/2309"}],"up":[{"embeddable":true,"href":"https:\/\/muzika.aluksne.lv\/index.php?rest_route=\/wp\/v2\/pages\/83"}],"wp:attachment":[{"href":"https:\/\/muzika.aluksne.lv\/index.php?rest_route=%2Fwp%2Fv2%2Fmedia&parent=265"}],"curies":[{"name":"wp","href":"https:\/\/api.w.org\/{rel}","templated":true}]}}