{"id":263,"date":"2017-08-30T15:40:55","date_gmt":"2017-08-30T12:40:55","guid":{"rendered":"https:\/\/muzika.aluksne.lv\/?page_id=263"},"modified":"2023-07-25T12:20:40","modified_gmt":"2023-07-25T09:20:40","slug":"pusaminstrumentu-spele","status":"publish","type":"page","link":"https:\/\/muzika.aluksne.lv\/?page_id=263","title":{"rendered":"P\u016b\u0161aminstrumentu sp\u0113le"},"content":{"rendered":"<blockquote>\n<p style=\"padding-left: 30px;\"><strong><em>Flauta \u2013 <\/em><\/strong><em>viens no popul\u0101r\u0101kajiem koka p\u016b\u0161aminstrumentiem, kuru izmanto solo, kamerm\u016bzik\u0101, p\u016bt\u0113ju un simfonisko or\u0137estru sast\u0101v\u0101.<\/em><\/p>\n<p style=\"padding-left: 30px;\"><strong><em>\u00a0 \u00a0 \u00a0 \u00a0 \u00a0 \u00a0 \u00a0 \u00a0 \u00a0 \u00a0 \u00a0 \u00a0 \u00a0 \u00a0 \u00a0 \u00a0 \u00a0 \u00a0 \u00a0 \u00a0 \u00a0 \u00a0 \u00a0 \u00a0 \u00a0 \u00a0 \u00a0 \u00a0 \u00a0 \u00a0 \u00a0 \u00a0 \u00a0 \u00a0 \u00a0 \u00a0 \u00a0 \u00a0 \u00a0 \u00a0 \u00a0 \u00a0 \u00a0 \u00a0 \u00a0 \u00a0 \u00a0 \u00a0 \u00a0 \u00a0 \u00a0 \u00a0 \u00a0 \u00a0 \u00a0 \u00a0 \u00a0 \u00a0 \u00a0 \u00a0 \u00a0 \u00a0 \u00a0 \u00a0 \u00a0 \u00a0 \u00a0 \u00a0 \u00a0 \u00a0 \u00a0 \u00a0 \u00a0 \u00a0 \u00a0 \u00a0 \u00a0 \u00a0 \u00a0 \u00a0 \u00a0 \u00a0 \u00a0 \u00a0 \u00a0 \u00a0 \u00a0 \u00a0 \u00a0 \u00a0 \u00a0 \u00a0 \u00a0 \u00a0 Klarnete \u2013 <\/em><\/strong><em>koka p\u016b\u0161aminstruments. Izveidojusies no ganu stabules. M\u016bsdien\u0101s viens no vado\u0161ajiem simfonisk\u0101 or\u0137estra instrumentiem.<\/em><\/p>\n<p style=\"text-align: left; padding-left: 30px;\"><strong><em>\u00a0 \u00a0 \u00a0 \u00a0 \u00a0 \u00a0 \u00a0 \u00a0 \u00a0 \u00a0 \u00a0 \u00a0 \u00a0 \u00a0 \u00a0 \u00a0 \u00a0 \u00a0 \u00a0 \u00a0 \u00a0 \u00a0 \u00a0 \u00a0 \u00a0 \u00a0 \u00a0 \u00a0 \u00a0 \u00a0 \u00a0 \u00a0 \u00a0 \u00a0 \u00a0 \u00a0 \u00a0 \u00a0 \u00a0 \u00a0 \u00a0 \u00a0 \u00a0 \u00a0 \u00a0 \u00a0 \u00a0 \u00a0 \u00a0 \u00a0 \u00a0 \u00a0 \u00a0 \u00a0 \u00a0 \u00a0 \u00a0 \u00a0 \u00a0 \u00a0 \u00a0 \u00a0 \u00a0 \u00a0 \u00a0 \u00a0 \u00a0 \u00a0 \u00a0 \u00a0 \u00a0 \u00a0 \u00a0 \u00a0 \u00a0 \u00a0 \u00a0 \u00a0 \u00a0 \u00a0 \u00a0 \u00a0 \u00a0 \u00a0 \u00a0 \u00a0 \u00a0 \u00a0 \u00a0 \u00a0 \u00a0 \u00a0 Saksofons<\/em><\/strong><em> \u2013 viens no jaun\u0101kajiem koka p\u016b\u0161aminstrumentiem. To sp\u0113l\u0113 solo, kamerm\u016bzik\u0101, p\u016bt\u0113ju un simfoniskaj\u0101 or\u0137estr\u012b. Liela loma d\u017eeza m\u016bzik\u0101.<\/em><\/p>\n<p style=\"padding-left: 30px;\"><strong><em>\u00a0 \u00a0 \u00a0 \u00a0 \u00a0 \u00a0 \u00a0 \u00a0 \u00a0 \u00a0 \u00a0 \u00a0 \u00a0 \u00a0 \u00a0 \u00a0 \u00a0 \u00a0 \u00a0 \u00a0 \u00a0 \u00a0 \u00a0 \u00a0 \u00a0 \u00a0 \u00a0 \u00a0 \u00a0 \u00a0 \u00a0 \u00a0 \u00a0 \u00a0 \u00a0 \u00a0 \u00a0 \u00a0 \u00a0 \u00a0 \u00a0 \u00a0 \u00a0 \u00a0 \u00a0 \u00a0 \u00a0 \u00a0 \u00a0 \u00a0 \u00a0 \u00a0 \u00a0 \u00a0 \u00a0 \u00a0 \u00a0 \u00a0 \u00a0 \u00a0 \u00a0 \u00a0 \u00a0 \u00a0 \u00a0 \u00a0 \u00a0 \u00a0 \u00a0 \u00a0 \u00a0 \u00a0 \u00a0 \u00a0 \u00a0 \u00a0 \u00a0 \u00a0 \u00a0 \u00a0 \u00a0 \u00a0 \u00a0 \u00a0 \u00a0 \u00a0 \u00a0 \u00a0 \u00a0 \u00a0 \u00a0 Trompete <\/em><\/strong><em>\u2013 met\u0101la p\u016b\u0161aminstruments. V\u0113sturiski sp\u0113l\u0113ts ne tikai svin\u012bb\u0101s un galma pas\u0101kumos, bet ar\u012b med\u012bb\u0101s k\u0101 sign\u0101la instruments. M\u016bsdien\u0101s tiek sp\u0113l\u0113ts solo un or\u0137estr\u012b.<\/em><\/p>\n<p style=\"padding-left: 30px;\"><strong><em>\u00a0 \u00a0 \u00a0 \u00a0 \u00a0 \u00a0 \u00a0 \u00a0 \u00a0 \u00a0 \u00a0 \u00a0 \u00a0 \u00a0 \u00a0 \u00a0 \u00a0 \u00a0 \u00a0 \u00a0 \u00a0 \u00a0 \u00a0 \u00a0 \u00a0 \u00a0 \u00a0 \u00a0 \u00a0 \u00a0 \u00a0 \u00a0 \u00a0 \u00a0 \u00a0 \u00a0 \u00a0 \u00a0 \u00a0 \u00a0 \u00a0 \u00a0 \u00a0 \u00a0 \u00a0 \u00a0 \u00a0 \u00a0 \u00a0 \u00a0 \u00a0 \u00a0 \u00a0 \u00a0 \u00a0 \u00a0 \u00a0 \u00a0 \u00a0 \u00a0 \u00a0 Eifonijs <\/em><\/strong><em>\u2013 met\u0101la p\u016b\u0161aminstruments. No grie\u0137u valodas \u201ceuphonia\u201d noz\u012bm\u0113 \u2013 pat\u012bkams, skano\u0161s. Tiek atska\u0146ots k\u0101 solo un or\u0137estra instruments.<\/em><\/p>\n<p style=\"padding-left: 30px;\"><strong><em>\u00a0 \u00a0 \u00a0 \u00a0 \u00a0 \u00a0 \u00a0 \u00a0 \u00a0 \u00a0 \u00a0 \u00a0 \u00a0 \u00a0 \u00a0 \u00a0 \u00a0 \u00a0 \u00a0 \u00a0 \u00a0 \u00a0 \u00a0 \u00a0 \u00a0 \u00a0 \u00a0 \u00a0 \u00a0 \u00a0 \u00a0 \u00a0 \u00a0 \u00a0 \u00a0 \u00a0 \u00a0 \u00a0 \u00a0 \u00a0 \u00a0 \u00a0 \u00a0 \u00a0 \u00a0 \u00a0 \u00a0 \u00a0 \u00a0 \u00a0 \u00a0 \u00a0 \u00a0 \u00a0 \u00a0 \u00a0 \u00a0 \u00a0 \u00a0 \u00a0 \u00a0 \u00a0 \u00a0 \u00a0 \u00a0 \u00a0 \u00a0 \u00a0 \u00a0 \u00a0 \u00a0 \u00a0 \u00a0 \u00a0 \u00a0 \u00a0 \u00a0 \u00a0 \u00a0 \u00a0 \u00a0 \u00a0 \u00a0 \u00a0 \u00a0 \u00a0 \u00a0 \u00a0 \u00a0 \u00a0 \u00a0 Trombons <\/em><\/strong><em>\u2013 ar\u012b baz\u016bne, met\u0101la p\u016b\u0161aminstruments. Kop\u0113jais garums \u2013 apm. 3 metri. Tiek atska\u0146ots gan solo, gan ar\u012b or\u0137estr\u012b.<\/em><\/p>\n<\/blockquote>\n<ul>\n<li style=\"text-align: left;\">P\u016b\u0161aminstrumentu sp\u0113les klase ir viena no pirmaj\u0101m, kas izveidota skol\u0101 kop\u0161 1946.gada marta, kad par pirmo pedagogu s\u0101ka str\u0101d\u0101t <strong>J\u0101nis Rozi\u0146\u0161<\/strong> (no 1946. &#8211; 1949.). V\u0113l\u0101k vi\u0146am pievienoj\u0101s <strong>Georgs Dobelnieks <\/strong>(1947. \u2013 1967.), <strong>Elm\u0101rs V\u0113veris <\/strong>(1949. \u2013 1967.) un <strong>Gun\u0101rs Bo\u0161s<\/strong> (1953. \u2013 1955.). Vi\u0146i bija ar\u012b pirmie skolot\u0101ji, kuri piedal\u012bj\u0101s Al\u016bksnes vidusskolas (tagad E. Glika Al\u016bksnes valsts \u0123imn\u0101zijas) p\u016bt\u0113ju or\u0137estra dibin\u0101\u0161an\u0101 1953.gad\u0101, kad par t\u0101 m\u0101ksliniecisko vad\u012bt\u0101ju un diri\u0123entu k\u013cuva <strong>Rihards \u0100damsons <\/strong>(l\u012bdz pat 1986. gadam).<\/li>\n<li style=\"text-align: left;\">Laika period\u0101 no se\u0161desmito gadu s\u0101kuma l\u012bdz devi\u0146desmito gadu s\u0101kumam p\u016b\u0161aminstrumentu sp\u0113li m\u016bzikas skol\u0101 m\u0101c\u012bju\u0161i <strong>J\u0101nis V\u012btols, Uldis Ievi\u0146\u0161, Ivars D\u0101vids, M\u0101ris V\u012bksna, Indulis P\u0113cis, J\u0101nis Skuja, Guntis Lazdekalns, Andis Maksims, Juris Sjomkins, Guntis Rubenis, Arnis Java, Helmuts Banka.<\/strong> Gandr\u012bz 40 gadus jauno m\u016bzi\u0137u izgl\u012bto\u0161anai velt\u012bjis skolot\u0101js <strong>Juris Melderis<\/strong>, kur\u0161 skol\u0101 nostr\u0101d\u0101ja l\u012bdz pat 2000. gada s\u0101kumam.<\/li>\n<li style=\"text-align: left;\">Pa\u0161laik p\u016b\u0161aminstrumentu sp\u0113les klas\u0113 par stabilu pedago\u0123isko kodolu k\u013cuvu\u0161i skolot\u0101ji <strong>Sandors Saulvedis L\u012bvi\u0146\u0161 <\/strong>(kop\u0161 1979.), <strong>Uldis M\u016brnie ks <\/strong>(kop\u0161 1989.), <strong>Sarm\u012bte Kubuli\u0146a <\/strong>(kop\u0161 1994.), <strong>Zigm\u0101rs Kr\u016bmi\u0146\u0161 <\/strong>(kop\u0161 1997.) un <strong>Santa K\u013cava &#8211; B\u016bmane<\/strong> (kop\u0161 1992.- 1996., 2008.). Min\u0113to pedagogu vad\u012bb\u0101 audz\u0113k\u0146i apg\u016bst flautas, klarnetes, saksofona, trompetes, me\u017eraga, eifonija, trombona un tubas sp\u0113li. Ar jaunajiem izpild\u012bt\u0101jm\u0101ksliniekiem kop\u0101 muzic\u0113 koncertmeistares <strong>Rita Bogdanova<\/strong>,<strong> Aiva Grosa<\/strong> un <strong>Egita Salmane<\/strong><strong>.<\/strong><\/li>\n<li style=\"text-align: left;\">P\u016b\u0161aminstrumentu sp\u0113les klases audz\u0113k\u0146i akt\u012bvi iesaist\u0101s \u0161o instrumentu sp\u0113les audz\u0113k\u0146iem organiz\u0113tajos festiv\u0101los, valsts un starptautiskajos konkursos, meistarklas\u0113s u.c.., g\u016bstot atzin\u012bgi v\u0113rt\u0113jamus rezult\u0101tus. Par trad\u012bciju jau k\u013cuvusi p\u016b\u0161aminstrumentu sp\u0113les audz\u0113k\u0146u dal\u012bba ikgad\u0113j\u0101 Latvijas m\u016bzikas skolu p\u016b\u0161aminstrumentu un sitaminstrumentu izpild\u012bt\u0101ju konkurs\u0101 R\u012bg\u0101, par kura b\u0101zes vietu k\u013cuvusi J\u0101zepa V\u012btola Latvijas M\u016bzikas akad\u0113mija.<\/li>\n<li style=\"text-align: left;\">Noz\u012bm\u012bgus pan\u0101kumus p\u016b\u0161aminstrumentu sp\u0113les klases audz\u0113k\u0146i guvu\u0161i k\u0101 E. Glika Al\u016bksnes valsts \u0123imn\u0101zijas p\u016bt\u0113ju or\u0137estra, kuru kop\u0161 1986. gada vada Al\u016bksnes M\u016bzikas skolas absolvents <strong>Sandors L\u012bvi\u0146\u0161<\/strong>, dal\u012bbnieki.<\/li>\n<li style=\"text-align: left;\">P\u016b\u0161aminstrumentu sp\u0113les klases audz\u0113k\u0146i, muzic\u0113jot E. Glika Al\u016bksnes valsts \u0123imn\u0101zijas p\u016bt\u0113ju or\u0137estr\u012b, g\u016bst lielisku kolekt\u012bv\u0101s muzic\u0113\u0161anas pieredzi un ik gadus izc\u012bn\u012bju\u0161i godalgotas vietas gan Latvijas skolu jaunatnes Dziesmu un deju sv\u0113tkos, gan Latvijas skolu jaunatnes p\u016bt\u0113ju or\u0137estru salidojumos, gan Visp\u0101r\u0113jos Latvie\u0161u Dziesmu un deju sv\u0113tkos. Jaunie m\u016bzi\u0137i paguvu\u0161i sniegt koncertus Lietuv\u0101, Igaunij\u0101, Krievij\u0101, Francij\u0101, Zviedrij\u0101 u.c.. Ar 2003. gadu p\u016bt\u0113ju or\u0137estris iestud\u0113 defil\u0113 programmas, kuras guvu\u0161as nedal\u012btu \u017e\u016brijas un skat\u012bt\u0101ju v\u0113rt\u0113jumu or\u0137estru defil\u0113 programmu par\u0101d\u0113s R\u012bg\u0101 4.maij\u0101, kad notiek Latvijas Neatkar\u012bbas deklar\u0101cijas pasludin\u0101\u0161anas dienas svin\u012bbas un fin\u0101lskate\u00a0or\u0137estru programm\u0101m.<\/li>\n<li style=\"text-align: left;\">Vair\u0101ki p\u016b\u0161aminstrumentu sp\u0113les klases absolventi Latvij\u0101 un \u0101rpus t\u0101s robe\u017e\u0101m k\u013cuvu\u0161i par paz\u012bstamiem m\u016bzi\u0137iem \u2013 <strong>Zintis \u017dvarts<\/strong>, br\u0101\u013ci<strong> Lauris, Andris un J\u0101nis Amantovi<\/strong>,<strong> K\u0101rlis Tort\u016bzis<\/strong>,<strong> Normunds Katajs \u2013 Paeglis<\/strong>, <strong>Arnis Gr\u0101ps<\/strong>,<strong> Gints Kalni\u0146\u0161<\/strong>, <strong>Edgars Kalni\u0146\u0161<\/strong>,<strong> Reinis Puri\u0146\u0161 <\/strong>un citi.<\/li>\n<\/ul>\n","protected":false},"excerpt":{"rendered":"<p>Flauta \u2013 viens no popul\u0101r\u0101kajiem koka p\u016b\u0161aminstrumentiem, kuru izmanto solo, kamerm\u016bzik\u0101, p\u016bt\u0113ju un simfonisko or\u0137estru sast\u0101v\u0101. \u00a0 \u00a0 \u00a0 \u00a0 \u00a0 \u00a0 \u00a0 \u00a0 \u00a0 \u00a0 \u00a0 \u00a0 \u00a0 \u00a0&#8230;<\/p>\n","protected":false},"author":2,"featured_media":0,"parent":83,"menu_order":0,"comment_status":"closed","ping_status":"closed","template":"","meta":{"footnotes":""},"class_list":["post-263","page","type-page","status-publish","hentry"],"_links":{"self":[{"href":"https:\/\/muzika.aluksne.lv\/index.php?rest_route=\/wp\/v2\/pages\/263","targetHints":{"allow":["GET"]}}],"collection":[{"href":"https:\/\/muzika.aluksne.lv\/index.php?rest_route=\/wp\/v2\/pages"}],"about":[{"href":"https:\/\/muzika.aluksne.lv\/index.php?rest_route=\/wp\/v2\/types\/page"}],"author":[{"embeddable":true,"href":"https:\/\/muzika.aluksne.lv\/index.php?rest_route=\/wp\/v2\/users\/2"}],"replies":[{"embeddable":true,"href":"https:\/\/muzika.aluksne.lv\/index.php?rest_route=%2Fwp%2Fv2%2Fcomments&post=263"}],"version-history":[{"count":14,"href":"https:\/\/muzika.aluksne.lv\/index.php?rest_route=\/wp\/v2\/pages\/263\/revisions"}],"predecessor-version":[{"id":3888,"href":"https:\/\/muzika.aluksne.lv\/index.php?rest_route=\/wp\/v2\/pages\/263\/revisions\/3888"}],"up":[{"embeddable":true,"href":"https:\/\/muzika.aluksne.lv\/index.php?rest_route=\/wp\/v2\/pages\/83"}],"wp:attachment":[{"href":"https:\/\/muzika.aluksne.lv\/index.php?rest_route=%2Fwp%2Fv2%2Fmedia&parent=263"}],"curies":[{"name":"wp","href":"https:\/\/api.w.org\/{rel}","templated":true}]}}