{"id":2088,"date":"2018-02-01T10:36:35","date_gmt":"2018-02-01T08:36:35","guid":{"rendered":"https:\/\/muzika.aluksne.lv\/?page_id=2088"},"modified":"2023-01-20T14:10:15","modified_gmt":"2023-01-20T12:10:15","slug":"sasniegumi","status":"publish","type":"page","link":"https:\/\/muzika.aluksne.lv\/?page_id=2088","title":{"rendered":"V\u0113sture"},"content":{"rendered":"<p>Al\u016bksnes M\u016bzikas skola savu darb\u012bbu uzs\u0101k 1945. gad\u0101 Al\u016bksnes pils\u0113tas vidusskolas \u0113k\u0101, Ernsta Glika iel\u0101 &#8211; 10.<\/p>\n<p>1963. gada febru\u0101r\u012b skolai tiek pie\u0161\u0137irta \u0113ka Str\u0101dnieku (tagad Tirgot\u0101ju) iel\u0101 3.<\/p>\n<p>Ar 1992.\/1993. m\u0101c\u012bbu gadu m\u016bzikas skola kl\u0101t pamat\u0113kai (Tirgot\u0101ju 3) ieg\u016bst papildus 6 m\u0101c\u012bbu klases D\u0101rza iel\u0101 8A (\u0113kas 2. st\u0101v\u0101) un ar 2007. gada martu v\u0113l divas m\u0101c\u012bbu klases (\u0113kas 1. st\u0101v\u0101).<\/p>\n<p>Ar 2011. gada 01. septembri skola maina atra\u0161an\u0101s vietu uz savu tagad\u0113jo adresi &#8211; J\u0101\u0146kalna iel\u0101 38, Al\u016bksn\u0113.<\/p>\n<p><strong><span style=\"color: #333399;\">Par skolas dibin\u0101\u0161anas ofici\u0101lo datumu atz\u012bm\u0113jams 1945. gada 15. oktobris, bet Skolas atkl\u0101\u0161anas svin\u012bgais akts noticis 18. novembr\u012b Al\u016bksnes pils\u0113tas vidusskolas z\u0101l\u0113.<\/span><\/strong><\/p>\n","protected":false},"excerpt":{"rendered":"<p>Al\u016bksnes M\u016bzikas skola savu darb\u012bbu uzs\u0101k 1945. gad\u0101 Al\u016bksnes pils\u0113tas vidusskolas \u0113k\u0101, Ernsta Glika iel\u0101 &#8211; 10. 1963. gada febru\u0101r\u012b skolai tiek pie\u0161\u0137irta \u0113ka Str\u0101dnieku (tagad Tirgot\u0101ju) iel\u0101 3. Ar&#8230;<\/p>\n","protected":false},"author":2,"featured_media":0,"parent":81,"menu_order":0,"comment_status":"closed","ping_status":"closed","template":"","meta":{"footnotes":""},"class_list":["post-2088","page","type-page","status-publish","hentry"],"_links":{"self":[{"href":"https:\/\/muzika.aluksne.lv\/index.php?rest_route=\/wp\/v2\/pages\/2088","targetHints":{"allow":["GET"]}}],"collection":[{"href":"https:\/\/muzika.aluksne.lv\/index.php?rest_route=\/wp\/v2\/pages"}],"about":[{"href":"https:\/\/muzika.aluksne.lv\/index.php?rest_route=\/wp\/v2\/types\/page"}],"author":[{"embeddable":true,"href":"https:\/\/muzika.aluksne.lv\/index.php?rest_route=\/wp\/v2\/users\/2"}],"replies":[{"embeddable":true,"href":"https:\/\/muzika.aluksne.lv\/index.php?rest_route=%2Fwp%2Fv2%2Fcomments&post=2088"}],"version-history":[{"count":5,"href":"https:\/\/muzika.aluksne.lv\/index.php?rest_route=\/wp\/v2\/pages\/2088\/revisions"}],"predecessor-version":[{"id":3676,"href":"https:\/\/muzika.aluksne.lv\/index.php?rest_route=\/wp\/v2\/pages\/2088\/revisions\/3676"}],"up":[{"embeddable":true,"href":"https:\/\/muzika.aluksne.lv\/index.php?rest_route=\/wp\/v2\/pages\/81"}],"wp:attachment":[{"href":"https:\/\/muzika.aluksne.lv\/index.php?rest_route=%2Fwp%2Fv2%2Fmedia&parent=2088"}],"curies":[{"name":"wp","href":"https:\/\/api.w.org\/{rel}","templated":true}]}}