{"id":2048,"date":"2017-11-23T10:28:23","date_gmt":"2017-11-23T08:28:23","guid":{"rendered":"https:\/\/muzika.aluksne.lv\/?page_id=2048"},"modified":"2023-07-25T12:16:42","modified_gmt":"2023-07-25T09:16:42","slug":"vijolspele","status":"publish","type":"page","link":"https:\/\/muzika.aluksne.lv\/?page_id=2048","title":{"rendered":"Vijo\u013csp\u0113le"},"content":{"rendered":"<blockquote>\n<p style=\"text-align: center;\"><strong>Vijole \u2013 <\/strong><em>st\u012bgu instruments, ko sp\u0113l\u0113 ar loci\u0146u. Viens no noz\u012bm\u012bg\u0101kajiem instrumentiem Eirop\u0101 ar 400 \u2013 500 gadu senu v\u0113sturi. Vijo\u013csp\u0113le att\u012bsta muzik\u0101lo dzirdi, ritma izj\u016btu, st\u0101ju, pirkstu veikl\u012bbu. Veicina muzikalit\u0101ti un rado\u0161umu.<\/em><\/p>\n<\/blockquote>\n<ul>\n<li>Vijoles klase ir viena no pirmaj\u0101m, kas izveidota Al\u016bksnes M\u016bzikas skol\u0101.<\/li>\n<li>St\u012bgu instrumentu noda\u013cas att\u012bst\u012bba saist\u012bta ar pedagogiem <strong>R\u016bdolfu Skudru <\/strong>(1948.-1950.) un <strong>Elm\u0101ru Kapr\u0101nu <\/strong>(1949.-1973.). Neilgu laiku skol\u0101 str\u0101d\u0101ju\u0161i ar\u012b <strong>Imalda Pabi\u0101na (K\u016ble)<\/strong>, <strong>Semjons Gr\u012bnbergs <\/strong>un <strong>Anna Koliste<\/strong>.<\/li>\n<li>Daudziem atmi\u0146\u0101 palicis skolas absolvents <strong>Dzintars Josts<\/strong>, kur\u0161 savulaik str\u0101d\u0101jis par Latvijas Filharmonijas kameror\u0137estra galveno diri\u0123entu un m\u0101ksliniecisko vad\u012bt\u0101ju, Latvijas Nacion\u0101l\u0101s operas or\u0137estra diri\u0123entu (pa\u0161laik dz\u012bvo un str\u0101d\u0101 ASV).<\/li>\n<li>Tom\u0113r liel\u0101kais pienesums skolai ir absolventes <strong>Ineses Petrikalnes <\/strong>atgrie\u0161an\u0101s Al\u016bksn\u0113 (1979) p\u0113c Alfr. Kalni\u0146a C\u0113su MV beig\u0161anas, kad s\u0101k\u0101s jauna Vijo\u013csp\u0113les klases izaugsme.<\/li>\n<li>Pa \u0161o laiku izaudzin\u0101ta jauna talant\u012bgo audz\u0113k\u0146u saime, kuru vid\u016b\u2013 <strong>Ginta Al\u017e\u0101ne <\/strong>(Ceimere) &#8211; Liep\u0101jas simfonisk\u0101 or\u0137estra m\u016bzi\u0137e, <strong>Ingars \u0122irnis<\/strong> &#8211; kameror\u0137estra Kremerata Baltica m\u016bzi\u0137is), <strong>Laila Lakst\u012bgala<\/strong> (L\u012bdaci\u0146a) &#8211; Latvijas Nacion\u0101l\u0101s operas un baleta m\u016bzi\u0137e. Vi\u0146as audz\u0113k\u0146i uzr\u0101d\u012bju\u0161i atzin\u012bgu sniegumu koncertos, da\u017e\u0101dos konkursos un festiv\u0101los, gan Latvijas profesion\u0101l\u0101s ievirzes izgl\u012bt\u012bbas iest\u0101\u017eu izgl\u012bt\u012bbas programmas <em>St\u012bgu instrumentu sp\u0113le \u2013 Vijo\u013csp\u0113le<\/em> valsts konkursos un citos projektos.<\/li>\n<li>Skolot\u0101ja I. Petrikalne daudz darba velt\u012bjusi skolas vijolnieku ansamb\u013ca izveido\u0161an\u0101. Sagatavotas vair\u0101kas patst\u0101v\u012bgas vijolnieku ansamb\u013ca koncertprogrammas, kolekt\u012bva darb\u012bb\u0101 prasm\u012bgi iesaistot ar\u012b biju\u0161os skolas absolventus. Koncert\u0113ts Vidzemes m\u016bzikas skolu apvienot\u0101 simfonisk\u0101 or\u0137estra sast\u0101v\u0101 ar\u012b A. Rieksti\u0146a autorkoncert\u0101 R\u012bg\u0101, IX Skol\u0113nu Dziesmu un deju sv\u0113tkos (2005), Latvijas novados, Igaunij\u0101, bet t\u0101l\u0101ko koncertce\u013cojumu vijolnieku ansamblis veicis kop\u0101 ar kori \u201dBr\u016bklen\u0101js\u201d uz Starptautisko koru festiv\u0101lu \u201dAlta Pusteria\u201d It\u0101lij\u0101 (18.06. \u2013 28.06.2007). Visiem spilgt\u0101 atmi\u0146\u0101 palikusi Vijo\u013csp\u0113les klases sagatavot\u0101 programma skolas 70 gadu jubilejai &#8220;\u010cetru st\u012bgu st\u0101sti\u2026\u201d<\/li>\n<li>Vijo\u013csp\u0113les audz\u0113k\u0146us sav\u0101 darb\u0101 ar lielu atbild\u012bbas saj\u016btu atbalsta koncertmeistare <strong>Ilze Kangsepa<\/strong>.<\/li>\n<\/ul>\n","protected":false},"excerpt":{"rendered":"<p>Vijole \u2013 st\u012bgu instruments, ko sp\u0113l\u0113 ar loci\u0146u. Viens no noz\u012bm\u012bg\u0101kajiem instrumentiem Eirop\u0101 ar 400 \u2013 500 gadu senu v\u0113sturi. Vijo\u013csp\u0113le att\u012bsta muzik\u0101lo dzirdi, ritma izj\u016btu, st\u0101ju, pirkstu veikl\u012bbu. Veicina&#8230;<\/p>\n","protected":false},"author":2,"featured_media":0,"parent":261,"menu_order":1,"comment_status":"closed","ping_status":"closed","template":"","meta":{"footnotes":""},"class_list":["post-2048","page","type-page","status-publish","hentry"],"_links":{"self":[{"href":"https:\/\/muzika.aluksne.lv\/index.php?rest_route=\/wp\/v2\/pages\/2048","targetHints":{"allow":["GET"]}}],"collection":[{"href":"https:\/\/muzika.aluksne.lv\/index.php?rest_route=\/wp\/v2\/pages"}],"about":[{"href":"https:\/\/muzika.aluksne.lv\/index.php?rest_route=\/wp\/v2\/types\/page"}],"author":[{"embeddable":true,"href":"https:\/\/muzika.aluksne.lv\/index.php?rest_route=\/wp\/v2\/users\/2"}],"replies":[{"embeddable":true,"href":"https:\/\/muzika.aluksne.lv\/index.php?rest_route=%2Fwp%2Fv2%2Fcomments&post=2048"}],"version-history":[{"count":5,"href":"https:\/\/muzika.aluksne.lv\/index.php?rest_route=\/wp\/v2\/pages\/2048\/revisions"}],"predecessor-version":[{"id":3887,"href":"https:\/\/muzika.aluksne.lv\/index.php?rest_route=\/wp\/v2\/pages\/2048\/revisions\/3887"}],"up":[{"embeddable":true,"href":"https:\/\/muzika.aluksne.lv\/index.php?rest_route=\/wp\/v2\/pages\/261"}],"wp:attachment":[{"href":"https:\/\/muzika.aluksne.lv\/index.php?rest_route=%2Fwp%2Fv2%2Fmedia&parent=2048"}],"curies":[{"name":"wp","href":"https:\/\/api.w.org\/{rel}","templated":true}]}}