{"id":2046,"date":"2017-11-23T10:27:33","date_gmt":"2017-11-23T08:27:33","guid":{"rendered":"https:\/\/muzika.aluksne.lv\/?page_id=2046"},"modified":"2018-08-22T12:43:18","modified_gmt":"2018-08-22T09:43:18","slug":"akordeona-spele","status":"publish","type":"page","link":"https:\/\/muzika.aluksne.lv\/?page_id=2046","title":{"rendered":"Akordeona sp\u0113le"},"content":{"rendered":"<blockquote>\n<p style=\"text-align: center;\"><em>\u201c..Es akordeonu sal\u012bdzinu ar veselu or\u0137estri, jo taj\u0101 ir tik daudz kr\u0101su, tik daudz dinamisko un ar\u012b artikul\u0101cijas iesp\u0113ju. Tas ir viens no akordeona plusiem, ka to var sp\u0113l\u0113t gan me\u017e\u0101, gan m\u0101j\u0101s, gan pil\u012b \u2013 kur vien gribas..\u201d<\/em><\/p>\n<p style=\"text-align: left;\">\u00a0 \u00a0 \u00a0 \u00a0 \u00a0 \u00a0 \u00a0 \u00a0 \u00a0 \u00a0 \u00a0 \u00a0 \u00a0 \u00a0 \u00a0 \u00a0 \u00a0 \u00a0 \u00a0 \u00a0 \u00a0 \u00a0 \u00a0 \u00a0 \u00a0 \u00a0 \u00a0 \u00a0 \u00a0 \u00a0 \u00a0 \u00a0 \u00a0 \u00a0 \u00a0 \u00a0 \u00a0 \u00a0 \u00a0 \u00a0 \u00a0 \u00a0 \u00a0 \u00a0 \u00a0 \u00a0 \u00a0 \u00a0 \u00a0 \u00a0 \u00a0 \u00a0 \u00a0 \u00a0 \u00a0 \u00a0 \u00a0 \u00a0 \u00a0 \u00a0 \u00a0 \u00a0 \u00a0 \u00a0 \u00a0 \u00a0 \u00a0 \u00a0 \u00a0 \u00a0 \u00a0 \u00a0 \u00a0 \u00a0 \u00a0 \u00a0 \u00a0 \u00a0 \u00a0 \u00a0 \u00a0 \u00a0 \u00a0 \u00a0 \u00a0 \u00a0 \u00a0 \u00a0 \u00a0 \u00a0 \u00a0 \u00a0 \u00a0 \u00a0 \u00a0 \u00a0 \u00a0 \u00a0 \u00a0 \u00a0 \u00a0 \u00a0 \u00a0 \u00a0 \u00a0 \u00a0 \u00a0 \u00a0 \u00a0 \u00a0 \u00a0 \u00a0 \u00a0 \u00a0 \u00a0 \u00a0Akordeoniste Ksenija Sidorova<\/p>\n<\/blockquote>\n<ul>\n<li>Akordeona klase atv\u0113rta 1954. gad\u0101. Par t\u0101s pirmo pedagogu k\u013cuva <strong>J\u0101zeps Sto\u0161s <\/strong>(1954.-1961.).<\/li>\n<li>Akordeona sp\u0113les rado\u0161ais pac\u0113lums saist\u0101s ar tr\u012bs pedagogiem \u2013 <strong>Elm\u0101ru Banku <\/strong>(1961.-2005.), <strong>Ligitu Dimi\u0146u (Kehri) <\/strong>(1963.-1995.) un <strong>Valdi V\u012bksnu <\/strong>(1964.-2001.).<\/li>\n<li>Laik\u0101 no 1981.-1990. gadam akordeona un baj\u0101na sp\u0113li m\u0101c\u012bja ar\u012b <strong>Vera Kriv\u013cena.<\/strong><\/li>\n<li>Kop\u0161 2006.\/2007. m\u0101c\u012bbu gada par akordeona sp\u0113les skolot\u0101ju str\u0101d\u0101 <strong>Alfs Kitlis.<\/strong><\/li>\n<li>Absolventu vid\u016b j\u0101izce\u013c <strong>Ginta P\u0113tersone (Gar\u0101) <\/strong>\u2013 E. D\u0101rzi\u0146a m\u016bzikas vidusskolas ritmikas un sagatavo\u0161anas klases skolot\u0101ja, Bab\u012btes jaukt\u0101 kora <strong><em>Atska\u0146a <\/em><\/strong>diri\u0123ente.<\/li>\n<li>Akordeona sp\u0113les audz\u0113k\u0146i sevi rado\u0161i apliecin\u0101ju\u0161i konkursos, skat\u0113s un koncertos.<\/li>\n<li>Skolas past\u0101v\u0113\u0161anas 70 gados (1945 -2015) akordeona sp\u0113les klasi absolv\u0113ju\u0161i 215 audz\u0113k\u0146i.<\/li>\n<\/ul>\n","protected":false},"excerpt":{"rendered":"<p>\u201c..Es akordeonu sal\u012bdzinu ar veselu or\u0137estri, jo taj\u0101 ir tik daudz kr\u0101su, tik daudz dinamisko un ar\u012b artikul\u0101cijas iesp\u0113ju. Tas ir viens no akordeona plusiem, ka to var sp\u0113l\u0113t gan&#8230;<\/p>\n","protected":false},"author":2,"featured_media":0,"parent":259,"menu_order":2,"comment_status":"closed","ping_status":"closed","template":"","meta":{"footnotes":""},"class_list":["post-2046","page","type-page","status-publish","hentry"],"_links":{"self":[{"href":"https:\/\/muzika.aluksne.lv\/index.php?rest_route=\/wp\/v2\/pages\/2046","targetHints":{"allow":["GET"]}}],"collection":[{"href":"https:\/\/muzika.aluksne.lv\/index.php?rest_route=\/wp\/v2\/pages"}],"about":[{"href":"https:\/\/muzika.aluksne.lv\/index.php?rest_route=\/wp\/v2\/types\/page"}],"author":[{"embeddable":true,"href":"https:\/\/muzika.aluksne.lv\/index.php?rest_route=\/wp\/v2\/users\/2"}],"replies":[{"embeddable":true,"href":"https:\/\/muzika.aluksne.lv\/index.php?rest_route=%2Fwp%2Fv2%2Fcomments&post=2046"}],"version-history":[{"count":8,"href":"https:\/\/muzika.aluksne.lv\/index.php?rest_route=\/wp\/v2\/pages\/2046\/revisions"}],"predecessor-version":[{"id":2321,"href":"https:\/\/muzika.aluksne.lv\/index.php?rest_route=\/wp\/v2\/pages\/2046\/revisions\/2321"}],"up":[{"embeddable":true,"href":"https:\/\/muzika.aluksne.lv\/index.php?rest_route=\/wp\/v2\/pages\/259"}],"wp:attachment":[{"href":"https:\/\/muzika.aluksne.lv\/index.php?rest_route=%2Fwp%2Fv2%2Fmedia&parent=2046"}],"curies":[{"name":"wp","href":"https:\/\/api.w.org\/{rel}","templated":true}]}}