{"id":2044,"date":"2017-11-23T10:25:12","date_gmt":"2017-11-23T08:25:12","guid":{"rendered":"https:\/\/muzika.aluksne.lv\/?page_id=2044"},"modified":"2023-07-25T12:13:58","modified_gmt":"2023-07-25T09:13:58","slug":"klavierspele","status":"publish","type":"page","link":"https:\/\/muzika.aluksne.lv\/?page_id=2044","title":{"rendered":"Klaviersp\u0113le"},"content":{"rendered":"<blockquote>\n<p style=\"text-align: center;\"><strong style=\"word-spacing: normal;\"><em>\u201cKlavieres <\/em><\/strong><em style=\"word-spacing: normal;\">kop\u0161 18. gs. s\u0101kuma izplat\u012bts un iem\u012b\u013cots tausti\u0146instruments ar st\u012bg\u0101m, kur\u0161 no sava priek\u0161te\u010da klaves\u012bna at\u0161\u0137iras ar daudz maig\u0101ku, m\u012bkst\u0101ku un vienlaikus sp\u0113c\u012bg\u0101ku skan\u0113jumu, bag\u0101t\u0101k\u0101m dinamikas un tehnikas iesp\u0113j\u0101m..\u201d<\/em><\/p>\n<p style=\"text-align: left;\">\u00a0 \u00a0 \u00a0 \u00a0 \u00a0 \u00a0 \u00a0 \u00a0 \u00a0 \u00a0 \u00a0 \u00a0 \u00a0 \u00a0 \u00a0 \u00a0 \u00a0 \u00a0 \u00a0 \u00a0 \u00a0 \u00a0 \u00a0 \u00a0 \u00a0 \u00a0 \u00a0 \u00a0 \u00a0 \u00a0 \u00a0 \u00a0 \u00a0 \u00a0 \u00a0 \u00a0 \u00a0 \u00a0 \u00a0 \u00a0 \u00a0 \u00a0 \u00a0 \u00a0 \u00a0 \u00a0 \u00a0 \u00a0 \u00a0 \u00a0 \u00a0 \u00a0 \u00a0 \u00a0 \u00a0 \u00a0 \u00a0 \u00a0 \u00a0 \u00a0 \u00a0 \u00a0 \u00a0 \u00a0 \u00a0 \u00a0 \u00a0 \u00a0 \u00a0 \u00a0 \u00a0 \u00a0 \u00a0 \u00a0 \u00a0 \u00a0 \u00a0 \u00a0 \u00a0 \u00a0 \u00a0 \u00a0 \u00a0 \u00a0 \u00a0 \u00a0 \u00a0 \u00a0 \u00a0 \u00a0 \u00a0 \u00a0 \u00a0 \u00a0 \u00a0 \u00a0 \u00a0 \u00a0 \u00a0 \u00a0Muzikolo\u0123ijas profesors J\u0101nis Torg\u0101ns<\/p>\n<\/blockquote>\n<ul>\n<li>Al\u016bksnes M\u016bzikas skol\u0101 Klaviersp\u0113les klase ir skaitliski pati liel\u0101k\u0101.<\/li>\n<li>Pirmie klaviersp\u0113les pedagogi &#8211; skolas dibin\u0101t\u0101js un direktors <strong>Alberts Mucenieks <\/strong>(1945.-1951.), <strong>Nat\u0101lija Jansone <\/strong>(1945.-1949.), <strong>Austra B\u0101rzdi\u0146a <\/strong>(1951.-1953.), <strong>Arv\u012bds Rozenbergs <\/strong>(1952.-1957.) un <strong>Zinta Freiberga <\/strong>(1959.-1963.).<\/li>\n<li>Savu darba m\u016b\u017eu Al\u016bksnes M\u016bzikas skolas klaviersp\u0113les apguv\u0113 jaunajiem m\u016bzi\u0137iem velt\u012bju\u0161i <strong>Aija Luika <\/strong>(1957.-2009.), <strong>In\u0101ra \u0100damsone <\/strong>(1960.-1993.), <strong>Vera Sedleniece <\/strong>(1963.-2009.) un <strong>J\u0101nis \u0122irnis <\/strong>(1968.-2009.)<\/li>\n<li>\u0160obr\u012bd Klaviersp\u0113les klas\u0113 str\u0101d\u0101 \u2013 <strong>Rita Bogdanova, L\u0101sma Cunska, Valda D\u0101vida, Aiva Grosa, Ilze Kangsepa, Lilija Kova\u013ca, In\u0101ra Kravale, Inita Lemba, Aira Pilde, Egita Salmane. <\/strong>Se\u0161as no 10 skolot\u0101j\u0101m ir Al\u016bksnes M\u016bzikas skolas absolventes.<\/li>\n<li>Vair\u0101ki Klaviersp\u0113les klases absolventi Latvij\u0101 un \u0101rpus t\u0101s robe\u017e\u0101m k\u013cuvu\u0161i par paz\u012bstamiem m\u016bzi\u0137iem: <strong>J\u0101nis Balti\u0146\u0161 &#8211;<\/strong> J\u0101zepa V\u012btola Latvijas M\u016bzikas akad\u0113mijas kora diri\u0123\u0113\u0161anas katedras docents, J\u0101zepa Medi\u0146a R\u012bgas M\u016bzikas vidusskolas kora diri\u0123\u0113\u0161anas izgl\u012bt\u012bbas programmas vad\u012bt\u0101js, koru m\u0101kslinieciskais vad\u012bt\u0101js un diri\u0123ents (<em>Atzele, Atvars u.c.)<\/em>,<strong> Ilze Mazkalne <\/strong>\u2013 pianiste, Alfr\u0113da Kalni\u0146a C\u0113su M\u016bzikas vidusskolas klavieru noda\u013cas vad\u012bt\u0101ja. Daudzi k\u013cuvu\u0161i par atpaz\u012bstamiem d\u017eeza un popul\u0101r\u0101s m\u016bzikas izpild\u012bt\u0101jiem &#8211; <strong>Ilga B\u0113rzi\u0146a<\/strong>, <strong>Dainis Dobelnieks<\/strong>, <strong>Eino Kolists<\/strong>, <strong>Rom\u0101ns Vendi\u0146\u0161<\/strong> u.c.<\/li>\n<li>Liela da\u013ca absolventu turpina m\u0101c\u012bbas vid\u0113j\u0101s un augst\u0101kaj\u0101s Latvijas m\u016bzikas izgl\u012bt\u012bbas iest\u0101d\u0113s, muzic\u0113 ansamb\u013cos, profesion\u0101los kolekt\u012bvos, tiek uzaicin\u0101ti piedal\u012bties da\u017e\u0101dos kult\u016bras projektos, str\u0101d\u0101 k\u0101 m\u0101c\u012bbsp\u0113ki Latvijas m\u016bzikas izgl\u012bt\u012bbas iest\u0101d\u0113s, kuru vid\u016b jau iepriek\u0161 min\u0113tie <strong>J\u0101nis Balti\u0146\u0161<\/strong> un <strong>Ilze Mazkalne<\/strong>, <strong>El\u012bna Selga, <\/strong>vair\u0101ku m\u0101c\u012bbu gr\u0101matu autore <strong>Ilga Millere <\/strong>(Josta) u.c. K\u0101 Latvijas telev\u012bzijas Kult\u016bras raid\u012bjumu redakcijas vad\u012bt\u0101ja un producente sevi pieteikusi <strong>Ieva Rozent\u0101le <\/strong>(Kravale).<\/li>\n<li>Al\u016bksnes M\u016bzikas skolas klaviersp\u0113les audz\u0113k\u0146i ar labiem pan\u0101kumiem piedal\u0101s Valsts un da\u017e\u0101du Latvijas m\u016bzikas izgl\u012bt\u012bbas iest\u0101\u017eu r\u012bkotos konkursos, starptautiskos jauno pianistu konkursos, koncertos, festiv\u0101los un rado\u0161ajos projektos.<\/li>\n<\/ul>\n","protected":false},"excerpt":{"rendered":"<p>\u201cKlavieres kop\u0161 18. gs. s\u0101kuma izplat\u012bts un iem\u012b\u013cots tausti\u0146instruments ar st\u012bg\u0101m, kur\u0161 no sava priek\u0161te\u010da klaves\u012bna at\u0161\u0137iras ar daudz maig\u0101ku, m\u012bkst\u0101ku un vienlaikus sp\u0113c\u012bg\u0101ku skan\u0113jumu, bag\u0101t\u0101k\u0101m dinamikas un tehnikas iesp\u0113j\u0101m..\u201d&#8230;<\/p>\n","protected":false},"author":2,"featured_media":0,"parent":259,"menu_order":1,"comment_status":"closed","ping_status":"closed","template":"","meta":{"footnotes":""},"class_list":["post-2044","page","type-page","status-publish","hentry"],"_links":{"self":[{"href":"https:\/\/muzika.aluksne.lv\/index.php?rest_route=\/wp\/v2\/pages\/2044","targetHints":{"allow":["GET"]}}],"collection":[{"href":"https:\/\/muzika.aluksne.lv\/index.php?rest_route=\/wp\/v2\/pages"}],"about":[{"href":"https:\/\/muzika.aluksne.lv\/index.php?rest_route=\/wp\/v2\/types\/page"}],"author":[{"embeddable":true,"href":"https:\/\/muzika.aluksne.lv\/index.php?rest_route=\/wp\/v2\/users\/2"}],"replies":[{"embeddable":true,"href":"https:\/\/muzika.aluksne.lv\/index.php?rest_route=%2Fwp%2Fv2%2Fcomments&post=2044"}],"version-history":[{"count":11,"href":"https:\/\/muzika.aluksne.lv\/index.php?rest_route=\/wp\/v2\/pages\/2044\/revisions"}],"predecessor-version":[{"id":3886,"href":"https:\/\/muzika.aluksne.lv\/index.php?rest_route=\/wp\/v2\/pages\/2044\/revisions\/3886"}],"up":[{"embeddable":true,"href":"https:\/\/muzika.aluksne.lv\/index.php?rest_route=\/wp\/v2\/pages\/259"}],"wp:attachment":[{"href":"https:\/\/muzika.aluksne.lv\/index.php?rest_route=%2Fwp%2Fv2%2Fmedia&parent=2044"}],"curies":[{"name":"wp","href":"https:\/\/api.w.org\/{rel}","templated":true}]}}